{"id":16997,"date":"2024-01-23T14:23:40","date_gmt":"2024-01-23T11:23:40","guid":{"rendered":"https:\/\/t-max.com.tr\/loading-feeding-and-transportation-devices\/"},"modified":"2025-07-01T15:55:48","modified_gmt":"2025-07-01T12:55:48","slug":"loading-feeding-and-transport-units","status":"publish","type":"page","link":"https:\/\/t-max.com.tr\/en\/t-max-products\/loading-feeding-and-transport-units\/","title":{"rendered":"Loading, Feeding and Transport Units"},"content":{"rendered":"\t\t<div data-elementor-type=\"wp-page\" data-elementor-id=\"16997\" class=\"elementor elementor-16997 elementor-9915\" data-elementor-post-type=\"page\">\n\t\t\t\t\t\t<section class=\"elementor-section elementor-top-section elementor-element elementor-element-b70b751 elementor-section-boxed elementor-section-height-default elementor-section-height-default\" data-id=\"b70b751\" data-element_type=\"section\" data-e-type=\"section\">\n\t\t\t\t\t\t<div class=\"elementor-container elementor-column-gap-default\">\n\t\t\t\t\t<div class=\"elementor-column elementor-col-100 elementor-top-column elementor-element elementor-element-0db7f34\" data-id=\"0db7f34\" data-element_type=\"column\" data-e-type=\"column\">\n\t\t\t<div class=\"elementor-widget-wrap elementor-element-populated\">\n\t\t\t\t\t\t<div class=\"elementor-element elementor-element-e44d2cf elementor-widget elementor-widget-wwp-elementor-dynamic-breadcrumbs\" data-id=\"e44d2cf\" data-element_type=\"widget\" data-e-type=\"widget\" data-widget_type=\"wwp-elementor-dynamic-breadcrumbs.default\">\n\t\t\t\t<div class=\"elementor-widget-container\">\n\t\t\t\t\t<ol class=\"wwp-elementor-breadcrumbs \" id=\"breadcrumb-69e5c64ca3edf\"><li class=\"visited\"><a href=\"https:\/\/t-max.com.tr\/en\/t-max-products\/\">T-MAX Products<\/a><\/li><li class=\"current\"><span>Loading, Feeding and Transport Units<\/span><\/li><\/ol><script type=\"application\/ld+json\">{\"@context\":\"https:\\\/\\\/schema.org\\\/\",\"@type\":\"BreadcrumbList\",\"itemListElement\":[{\"@type\":\"ListItem\",\"position\":1,\"name\":\"T-MAX Products\",\"item\":\"https:\\\/\\\/t-max.com.tr\\\/en\\\/t-max-products\\\/\"},{\"@type\":\"ListItem\",\"position\":2,\"name\":\"Loading, Feeding and Transport Units\",\"item\":\"https:\\\/\\\/t-max.com.tr\\\/en\\\/wp-json\\\/wp\\\/v2\\\/pages\\\/16997\\\/\"}]}<\/script>\t\t\t\t<\/div>\n\t\t\t\t<\/div>\n\t\t\t\t\t<\/div>\n\t\t<\/div>\n\t\t\t\t\t<\/div>\n\t\t<\/section>\n\t\t\t\t<section class=\"elementor-section elementor-top-section elementor-element elementor-element-3ea27f5 elementor-section-boxed elementor-section-height-default elementor-section-height-default\" data-id=\"3ea27f5\" data-element_type=\"section\" data-e-type=\"section\">\n\t\t\t\t\t\t<div class=\"elementor-container elementor-column-gap-default\">\n\t\t\t\t\t<div class=\"elementor-column elementor-col-100 elementor-top-column elementor-element elementor-element-4c34307\" data-id=\"4c34307\" data-element_type=\"column\" data-e-type=\"column\">\n\t\t\t<div class=\"elementor-widget-wrap elementor-element-populated\">\n\t\t\t\t\t\t<div class=\"elementor-element elementor-element-b410e7d elementor-widget elementor-widget-heading\" data-id=\"b410e7d\" data-element_type=\"widget\" data-e-type=\"widget\" data-widget_type=\"heading.default\">\n\t\t\t\t<div class=\"elementor-widget-container\">\n\t\t\t\t\t<h1 class=\"elementor-heading-title elementor-size-default\">Plastic Raw Material Loading, Feeding Units &amp; Systems<\/h1>\t\t\t\t<\/div>\n\t\t\t\t<\/div>\n\t\t\t\t\t<\/div>\n\t\t<\/div>\n\t\t\t\t\t<\/div>\n\t\t<\/section>\n\t\t\t\t<section class=\"elementor-section elementor-top-section elementor-element elementor-element-d400e7b elementor-section-boxed elementor-section-height-default elementor-section-height-default\" data-id=\"d400e7b\" data-element_type=\"section\" data-e-type=\"section\">\n\t\t\t\t\t\t<div class=\"elementor-container elementor-column-gap-default\">\n\t\t\t\t\t<div class=\"elementor-column elementor-col-50 elementor-top-column elementor-element elementor-element-b3fb9cf\" data-id=\"b3fb9cf\" data-element_type=\"column\" data-e-type=\"column\">\n\t\t\t<div class=\"elementor-widget-wrap elementor-element-populated\">\n\t\t\t\t\t\t<div class=\"elementor-element elementor-element-a41f718 elementor-position-top elementor-widget elementor-widget-image-box\" data-id=\"a41f718\" data-element_type=\"widget\" data-e-type=\"widget\" data-widget_type=\"image-box.default\">\n\t\t\t\t<div class=\"elementor-widget-container\">\n\t\t\t\t\t<div class=\"elementor-image-box-wrapper\"><figure class=\"elementor-image-box-img\"><a href=\"https:\/\/t-max.com.tr\/en\/t-max-products\/loading-feeding-and-transport-units\/loadmax-separate-hopper-loading-units\/\" tabindex=\"-1\"><img fetchpriority=\"high\" decoding=\"async\" width=\"937\" height=\"521\" src=\"https:\/\/t-max.com.tr\/wp-content\/uploads\/2024\/09\/loadmax-ayri-hazneli-yukleme-02.jpg\" class=\"attachment-large size-large wp-image-18845\" alt=\"\" srcset=\"https:\/\/t-max.com.tr\/wp-content\/uploads\/2024\/09\/loadmax-ayri-hazneli-yukleme-02.jpg 937w, https:\/\/t-max.com.tr\/wp-content\/uploads\/2024\/09\/loadmax-ayri-hazneli-yukleme-02-300x167.jpg 300w, https:\/\/t-max.com.tr\/wp-content\/uploads\/2024\/09\/loadmax-ayri-hazneli-yukleme-02-768x427.jpg 768w\" sizes=\"100vw\" \/><\/a><\/figure><div class=\"elementor-image-box-content\"><h2 class=\"elementor-image-box-title\"><a href=\"https:\/\/t-max.com.tr\/en\/t-max-products\/loading-feeding-and-transport-units\/loadmax-separate-hopper-loading-units\/\">Loadmax Seperate Hopper Loading Units<\/a><\/h2><\/div><\/div>\t\t\t\t<\/div>\n\t\t\t\t<\/div>\n\t\t\t\t\t<\/div>\n\t\t<\/div>\n\t\t\t\t<div class=\"elementor-column elementor-col-50 elementor-top-column elementor-element elementor-element-c437eba\" data-id=\"c437eba\" data-element_type=\"column\" data-e-type=\"column\">\n\t\t\t<div class=\"elementor-widget-wrap elementor-element-populated\">\n\t\t\t\t\t\t<div class=\"elementor-element elementor-element-7116222 elementor-position-top elementor-widget elementor-widget-image-box\" data-id=\"7116222\" data-element_type=\"widget\" data-e-type=\"widget\" data-widget_type=\"image-box.default\">\n\t\t\t\t<div class=\"elementor-widget-container\">\n\t\t\t\t\t<div class=\"elementor-image-box-wrapper\"><figure class=\"elementor-image-box-img\"><a href=\"https:\/\/t-max.com.tr\/en\/t-max-products\/loading-feeding-and-transport-units\/loadmax-self-contained-loading-units\/\" tabindex=\"-1\"><img decoding=\"async\" width=\"937\" height=\"521\" src=\"https:\/\/t-max.com.tr\/wp-content\/uploads\/2024\/09\/loadmax-kendinden-hazneli-yukleme-2.jpg\" class=\"attachment-large size-large wp-image-18847\" alt=\"\" srcset=\"https:\/\/t-max.com.tr\/wp-content\/uploads\/2024\/09\/loadmax-kendinden-hazneli-yukleme-2.jpg 937w, https:\/\/t-max.com.tr\/wp-content\/uploads\/2024\/09\/loadmax-kendinden-hazneli-yukleme-2-300x167.jpg 300w, https:\/\/t-max.com.tr\/wp-content\/uploads\/2024\/09\/loadmax-kendinden-hazneli-yukleme-2-768x427.jpg 768w\" sizes=\"100vw\" \/><\/a><\/figure><div class=\"elementor-image-box-content\"><h2 class=\"elementor-image-box-title\"><a href=\"https:\/\/t-max.com.tr\/en\/t-max-products\/loading-feeding-and-transport-units\/loadmax-self-contained-loading-units\/\">Loadmax Self-Contained Loading Units<\/a><\/h2><\/div><\/div>\t\t\t\t<\/div>\n\t\t\t\t<\/div>\n\t\t\t\t\t<\/div>\n\t\t<\/div>\n\t\t\t\t\t<\/div>\n\t\t<\/section>\n\t\t\t\t<section class=\"elementor-section elementor-top-section elementor-element elementor-element-b0847ed elementor-section-boxed elementor-section-height-default elementor-section-height-default\" data-id=\"b0847ed\" data-element_type=\"section\" data-e-type=\"section\">\n\t\t\t\t\t\t<div class=\"elementor-container elementor-column-gap-default\">\n\t\t\t\t\t<div class=\"elementor-column elementor-col-100 elementor-top-column elementor-element elementor-element-607580f\" data-id=\"607580f\" data-element_type=\"column\" data-e-type=\"column\">\n\t\t\t<div class=\"elementor-widget-wrap elementor-element-populated\">\n\t\t\t\t\t\t<div class=\"elementor-element elementor-element-b3f674c elementor-widget-divider--view-line elementor-widget elementor-widget-divider\" data-id=\"b3f674c\" data-element_type=\"widget\" data-e-type=\"widget\" data-widget_type=\"divider.default\">\n\t\t\t\t<div class=\"elementor-widget-container\">\n\t\t\t\t\t\t\t<div class=\"elementor-divider\">\n\t\t\t<span class=\"elementor-divider-separator\">\n\t\t\t\t\t\t<\/span>\n\t\t<\/div>\n\t\t\t\t\t\t<\/div>\n\t\t\t\t<\/div>\n\t\t\t\t\t<\/div>\n\t\t<\/div>\n\t\t\t\t\t<\/div>\n\t\t<\/section>\n\t\t\t\t<section class=\"elementor-section elementor-top-section elementor-element elementor-element-331f81a elementor-section-boxed elementor-section-height-default elementor-section-height-default\" data-id=\"331f81a\" data-element_type=\"section\" data-e-type=\"section\">\n\t\t\t\t\t\t<div class=\"elementor-container elementor-column-gap-default\">\n\t\t\t\t\t<div class=\"elementor-column elementor-col-50 elementor-top-column elementor-element elementor-element-80b7b1c\" data-id=\"80b7b1c\" data-element_type=\"column\" data-e-type=\"column\">\n\t\t\t<div class=\"elementor-widget-wrap elementor-element-populated\">\n\t\t\t\t\t\t<div class=\"elementor-element elementor-element-83537e6 elementor-position-top elementor-widget elementor-widget-image-box\" data-id=\"83537e6\" data-element_type=\"widget\" data-e-type=\"widget\" data-widget_type=\"image-box.default\">\n\t\t\t\t<div class=\"elementor-widget-container\">\n\t\t\t\t\t<div class=\"elementor-image-box-wrapper\"><figure class=\"elementor-image-box-img\"><a href=\"https:\/\/t-max.com.tr\/en\/t-max-products\/loading-feeding-and-transport-units\/loadmax-high-capacity-loading-units\/\" tabindex=\"-1\"><img decoding=\"async\" width=\"937\" height=\"521\" src=\"https:\/\/t-max.com.tr\/wp-content\/uploads\/2024\/09\/loadmax-yuksek-kapasiteli-yukleme-02.jpg\" class=\"attachment-large size-large wp-image-18849\" alt=\"\" srcset=\"https:\/\/t-max.com.tr\/wp-content\/uploads\/2024\/09\/loadmax-yuksek-kapasiteli-yukleme-02.jpg 937w, https:\/\/t-max.com.tr\/wp-content\/uploads\/2024\/09\/loadmax-yuksek-kapasiteli-yukleme-02-300x167.jpg 300w, https:\/\/t-max.com.tr\/wp-content\/uploads\/2024\/09\/loadmax-yuksek-kapasiteli-yukleme-02-768x427.jpg 768w\" sizes=\"100vw\" \/><\/a><\/figure><div class=\"elementor-image-box-content\"><h2 class=\"elementor-image-box-title\"><a href=\"https:\/\/t-max.com.tr\/en\/t-max-products\/loading-feeding-and-transport-units\/loadmax-high-capacity-loading-units\/\">Loadmax High Capacity Loading Units<\/a><\/h2><\/div><\/div>\t\t\t\t<\/div>\n\t\t\t\t<\/div>\n\t\t\t\t\t<\/div>\n\t\t<\/div>\n\t\t\t\t<div class=\"elementor-column elementor-col-50 elementor-top-column elementor-element elementor-element-d5b38fa\" data-id=\"d5b38fa\" data-element_type=\"column\" data-e-type=\"column\">\n\t\t\t<div class=\"elementor-widget-wrap elementor-element-populated\">\n\t\t\t\t\t\t<div class=\"elementor-element elementor-element-7758408 elementor-position-top elementor-widget elementor-widget-image-box\" data-id=\"7758408\" data-element_type=\"widget\" data-e-type=\"widget\" data-widget_type=\"image-box.default\">\n\t\t\t\t<div class=\"elementor-widget-container\">\n\t\t\t\t\t<div class=\"elementor-image-box-wrapper\"><figure class=\"elementor-image-box-img\"><a href=\"https:\/\/t-max.com.tr\/en\/t-max-products\/loading-feeding-and-transport-units\/flexible-screw-conveying-systems\/\" tabindex=\"-1\"><img loading=\"lazy\" decoding=\"async\" width=\"937\" height=\"521\" src=\"https:\/\/t-max.com.tr\/wp-content\/uploads\/2025\/02\/esnek-spiral.jpg\" class=\"attachment-large size-large wp-image-23580\" alt=\"\" srcset=\"https:\/\/t-max.com.tr\/wp-content\/uploads\/2025\/02\/esnek-spiral.jpg 937w, https:\/\/t-max.com.tr\/wp-content\/uploads\/2025\/02\/esnek-spiral-300x167.jpg 300w, https:\/\/t-max.com.tr\/wp-content\/uploads\/2025\/02\/esnek-spiral-768x427.jpg 768w\" sizes=\"100vw\" \/><\/a><\/figure><div class=\"elementor-image-box-content\"><h2 class=\"elementor-image-box-title\"><a href=\"https:\/\/t-max.com.tr\/en\/t-max-products\/loading-feeding-and-transport-units\/flexible-screw-conveying-systems\/\">Flexible Screw Conveying Systems<\/a><\/h2><\/div><\/div>\t\t\t\t<\/div>\n\t\t\t\t<\/div>\n\t\t\t\t\t<\/div>\n\t\t<\/div>\n\t\t\t\t\t<\/div>\n\t\t<\/section>\n\t\t\t\t<section class=\"elementor-section elementor-top-section elementor-element elementor-element-c5cde1c elementor-section-boxed elementor-section-height-default elementor-section-height-default\" data-id=\"c5cde1c\" data-element_type=\"section\" data-e-type=\"section\">\n\t\t\t\t\t\t<div class=\"elementor-container elementor-column-gap-default\">\n\t\t\t\t\t<div class=\"elementor-column elementor-col-100 elementor-top-column elementor-element elementor-element-efcdb5b\" data-id=\"efcdb5b\" data-element_type=\"column\" data-e-type=\"column\">\n\t\t\t<div class=\"elementor-widget-wrap elementor-element-populated\">\n\t\t\t\t\t\t<div class=\"elementor-element elementor-element-20be961 elementor-widget-divider--view-line elementor-widget elementor-widget-divider\" data-id=\"20be961\" data-element_type=\"widget\" data-e-type=\"widget\" data-widget_type=\"divider.default\">\n\t\t\t\t<div class=\"elementor-widget-container\">\n\t\t\t\t\t\t\t<div class=\"elementor-divider\">\n\t\t\t<span class=\"elementor-divider-separator\">\n\t\t\t\t\t\t<\/span>\n\t\t<\/div>\n\t\t\t\t\t\t<\/div>\n\t\t\t\t<\/div>\n\t\t\t\t\t<\/div>\n\t\t<\/div>\n\t\t\t\t\t<\/div>\n\t\t<\/section>\n\t\t\t\t<section class=\"elementor-section elementor-top-section elementor-element elementor-element-657b434 elementor-section-boxed elementor-section-height-default elementor-section-height-default\" data-id=\"657b434\" data-element_type=\"section\" data-e-type=\"section\">\n\t\t\t\t\t\t<div class=\"elementor-container elementor-column-gap-default\">\n\t\t\t\t\t<div class=\"elementor-column elementor-col-100 elementor-top-column elementor-element elementor-element-3863e77\" data-id=\"3863e77\" data-element_type=\"column\" data-e-type=\"column\">\n\t\t\t<div class=\"elementor-widget-wrap elementor-element-populated\">\n\t\t\t\t\t\t<div class=\"elementor-element elementor-element-dbe3090 elementor-widget elementor-widget-spacer\" data-id=\"dbe3090\" data-element_type=\"widget\" data-e-type=\"widget\" data-widget_type=\"spacer.default\">\n\t\t\t\t<div class=\"elementor-widget-container\">\n\t\t\t\t\t\t\t<div class=\"elementor-spacer\">\n\t\t\t<div class=\"elementor-spacer-inner\"><\/div>\n\t\t<\/div>\n\t\t\t\t\t\t<\/div>\n\t\t\t\t<\/div>\n\t\t\t\t\t<\/div>\n\t\t<\/div>\n\t\t\t\t\t<\/div>\n\t\t<\/section>\n\t\t\t\t<section class=\"elementor-section elementor-top-section elementor-element elementor-element-3916559 elementor-section-full_width elementor-section-stretched elementor-section-height-default elementor-section-height-default\" data-id=\"3916559\" data-element_type=\"section\" data-e-type=\"section\" data-settings=\"{&quot;stretch_section&quot;:&quot;section-stretched&quot;}\">\n\t\t\t\t\t\t<div class=\"elementor-container elementor-column-gap-default\">\n\t\t\t\t\t<div class=\"elementor-column elementor-col-100 elementor-top-column elementor-element elementor-element-a0b6f13\" data-id=\"a0b6f13\" data-element_type=\"column\" data-e-type=\"column\">\n\t\t\t<div class=\"elementor-widget-wrap elementor-element-populated\">\n\t\t\t\t\t\t<div class=\"elementor-element elementor-element-4567c65 elementor-widget-divider--view-line elementor-widget elementor-widget-divider\" data-id=\"4567c65\" data-element_type=\"widget\" data-e-type=\"widget\" data-widget_type=\"divider.default\">\n\t\t\t\t<div class=\"elementor-widget-container\">\n\t\t\t\t\t\t\t<div class=\"elementor-divider\">\n\t\t\t<span class=\"elementor-divider-separator\">\n\t\t\t\t\t\t<\/span>\n\t\t<\/div>\n\t\t\t\t\t\t<\/div>\n\t\t\t\t<\/div>\n\t\t\t\t\t<\/div>\n\t\t<\/div>\n\t\t\t\t\t<\/div>\n\t\t<\/section>\n\t\t\t\t<section class=\"elementor-section elementor-top-section elementor-element elementor-element-2082e24 elementor-section-full_width elementor-section-height-default elementor-section-height-default\" data-id=\"2082e24\" data-element_type=\"section\" data-e-type=\"section\" data-settings=\"{&quot;background_background&quot;:&quot;classic&quot;}\">\n\t\t\t\t\t\t<div class=\"elementor-container elementor-column-gap-default\">\n\t\t\t\t\t<div class=\"elementor-column elementor-col-25 elementor-top-column elementor-element elementor-element-6471942\" data-id=\"6471942\" data-element_type=\"column\" data-e-type=\"column\">\n\t\t\t<div class=\"elementor-widget-wrap elementor-element-populated\">\n\t\t\t\t\t\t<div class=\"elementor-element elementor-element-e6ee52a elementor-widget elementor-widget-image\" data-id=\"e6ee52a\" data-element_type=\"widget\" data-e-type=\"widget\" data-widget_type=\"image.default\">\n\t\t\t\t<div class=\"elementor-widget-container\">\n\t\t\t\t\t\t\t\t\t\t\t\t<figure class=\"wp-caption\">\n\t\t\t\t\t\t\t\t\t\t\t<a href=\"https:\/\/tepro.com.tr\">\n\t\t\t\t\t\t\t<img loading=\"lazy\" decoding=\"async\" width=\"140\" height=\"140\" src=\"https:\/\/t-max.com.tr\/wp-content\/uploads\/2025\/03\/tepro-logo-1.jpg\" class=\"attachment-full size-full wp-image-23995\" alt=\"\" srcset=\"https:\/\/t-max.com.tr\/wp-content\/uploads\/2025\/03\/tepro-logo-1.jpg 140w, https:\/\/t-max.com.tr\/wp-content\/uploads\/2025\/03\/tepro-logo-1-100x100.jpg 100w\" sizes=\"100vw\" \/>\t\t\t\t\t\t\t\t<\/a>\n\t\t\t\t\t\t\t\t\t\t\t<figcaption class=\"widget-image-caption wp-caption-text\">T-MAX is a TEPRO Machinery &amp; Automation Systems Brand<\/figcaption>\n\t\t\t\t\t\t\t\t\t\t<\/figure>\n\t\t\t\t\t\t\t\t\t<\/div>\n\t\t\t\t<\/div>\n\t\t\t\t\t<\/div>\n\t\t<\/div>\n\t\t\t\t<div class=\"elementor-column elementor-col-25 elementor-top-column elementor-element elementor-element-0c97036\" data-id=\"0c97036\" data-element_type=\"column\" data-e-type=\"column\">\n\t\t\t<div class=\"elementor-widget-wrap elementor-element-populated\">\n\t\t\t\t\t\t<div class=\"elementor-element elementor-element-954f558 elementor-widget elementor-widget-text-editor\" data-id=\"954f558\" data-element_type=\"widget\" data-e-type=\"widget\" data-widget_type=\"text-editor.default\">\n\t\t\t\t<div class=\"elementor-widget-container\">\n\t\t\t\t\t\t\t\t\t<p>| <strong>T-MAX PROCESS<\/strong><\/p><ul><li><a href=\"https:\/\/t-max.com.tr\/en\/t-max-corporate\/\">T-MAX Corporate<\/a><\/li><li><a href=\"https:\/\/t-max.com.tr\/en\/after-sales\/\"><span style=\"letter-spacing: 0.02rem; font-size: 1rem;\">After Sales<\/span><\/a><\/li><li><a href=\"https:\/\/t-max.com.tr\/en\/contact\/\"><span style=\"letter-spacing: 0.02rem; font-size: 1rem;\">Contact Us<\/span><\/a><\/li><li><a href=\"https:\/\/t-max.com.tr\/en\/t-max-corporate\/customer-complaint-form\/\">Customer Complaint Form<\/a><\/li><li><a href=\"https:\/\/t-max.com.tr\/en\/t-max-corporate\/customer-satisfaction-and-expectations-survey\/\">Customer Satisfaction And Expectations Survey <\/a><\/li><\/ul>\t\t\t\t\t\t\t\t<\/div>\n\t\t\t\t<\/div>\n\t\t\t\t\t<\/div>\n\t\t<\/div>\n\t\t\t\t<div class=\"elementor-column elementor-col-25 elementor-top-column elementor-element elementor-element-573dffc\" data-id=\"573dffc\" data-element_type=\"column\" data-e-type=\"column\">\n\t\t\t<div class=\"elementor-widget-wrap elementor-element-populated\">\n\t\t\t\t\t\t<div class=\"elementor-element elementor-element-40d5a2e elementor-widget elementor-widget-text-editor\" data-id=\"40d5a2e\" data-element_type=\"widget\" data-e-type=\"widget\" data-widget_type=\"text-editor.default\">\n\t\t\t\t<div class=\"elementor-widget-container\">\n\t\t\t\t\t\t\t\t\t<p><strong>| OUR PRODUCTS<\/strong><\/p><ul><li><a href=\"https:\/\/t-max.com.tr\/en\/t-max-products\/loading-feeding-and-transport-units\/\">Loading, Feeding And Transport Units<\/a><\/li><li><a href=\"https:\/\/t-max.com.tr\/en\/t-max-products\/raw-material-drying-units\/\">Raw Material Drying Units<\/a><\/li><li><a href=\"https:\/\/t-max.com.tr\/en\/t-max-products\/crushing-and-recycling-machines\/\">Crushing And Recycling Machines<\/a><\/li><li><a href=\"https:\/\/t-max.com.tr\/en\/t-max-products\/\">\u2192 All Product Categories<\/a><\/li><\/ul>\t\t\t\t\t\t\t\t<\/div>\n\t\t\t\t<\/div>\n\t\t\t\t\t<\/div>\n\t\t<\/div>\n\t\t\t\t<div class=\"elementor-column elementor-col-25 elementor-top-column elementor-element elementor-element-88d9db0\" data-id=\"88d9db0\" data-element_type=\"column\" data-e-type=\"column\">\n\t\t\t<div class=\"elementor-widget-wrap elementor-element-populated\">\n\t\t\t\t\t\t<div class=\"elementor-element elementor-element-4b561ea elementor-widget elementor-widget-text-editor\" data-id=\"4b561ea\" data-element_type=\"widget\" data-e-type=\"widget\" data-widget_type=\"text-editor.default\">\n\t\t\t\t<div class=\"elementor-widget-container\">\n\t\t\t\t\t\t\t\t\t<p><strong>| CONTACT<\/strong><\/p><p><a>\u0130n\u00f6n\u00fc Mahallesi G\u00fczeller Organize San. B\u00f6lgesi, Nursultan Nazarbayev Sok. No.14, 41400 Gebze\/Kocaeli<\/a><\/p><p><strong>Phone :<\/strong> <a href=\"tel:+902167092600\"><span class=\"con-text\">+90 216 709 26 00 <\/span><\/a><\/p><p><strong>Email :<\/strong> \u00a0<a href=\"mailto:info@t-max.com.tr\"><span class=\"con-text\">info@t-max.com.tr<\/span><\/a><\/p>\t\t\t\t\t\t\t\t<\/div>\n\t\t\t\t<\/div>\n\t\t\t\t<div class=\"elementor-element elementor-element-44ba8ce e-grid-align-left elementor-shape-rounded elementor-grid-0 elementor-widget elementor-widget-social-icons\" data-id=\"44ba8ce\" data-element_type=\"widget\" data-e-type=\"widget\" data-widget_type=\"social-icons.default\">\n\t\t\t\t<div class=\"elementor-widget-container\">\n\t\t\t\t\t\t\t<div class=\"elementor-social-icons-wrapper elementor-grid\" role=\"list\">\n\t\t\t\t\t\t\t<span class=\"elementor-grid-item\" role=\"listitem\">\n\t\t\t\t\t<a class=\"elementor-icon elementor-social-icon elementor-social-icon-instagram elementor-repeater-item-8a2d6da\" href=\"https:\/\/www.instagram.com\/tmaxmakine\/\" target=\"_blank\">\n\t\t\t\t\t\t<span class=\"elementor-screen-only\">Instagram<\/span>\n\t\t\t\t\t\t<i aria-hidden=\"true\" class=\"fab fa-instagram\"><\/i>\t\t\t\t\t<\/a>\n\t\t\t\t<\/span>\n\t\t\t\t\t\t\t<span class=\"elementor-grid-item\" role=\"listitem\">\n\t\t\t\t\t<a class=\"elementor-icon elementor-social-icon elementor-social-icon-linkedin elementor-repeater-item-89b3b0d\" href=\"https:\/\/www.linkedin.com\/company\/78628982\/\" target=\"_blank\">\n\t\t\t\t\t\t<span class=\"elementor-screen-only\">Linkedin<\/span>\n\t\t\t\t\t\t<i aria-hidden=\"true\" class=\"fab fa-linkedin\"><\/i>\t\t\t\t\t<\/a>\n\t\t\t\t<\/span>\n\t\t\t\t\t<\/div>\n\t\t\t\t\t\t<\/div>\n\t\t\t\t<\/div>\n\t\t\t\t\t<\/div>\n\t\t<\/div>\n\t\t\t\t\t<\/div>\n\t\t<\/section>\n\t\t\t\t<section class=\"elementor-section elementor-top-section elementor-element elementor-element-d6a8829 elementor-section-full_width elementor-section-stretched elementor-section-height-default elementor-section-height-default\" data-id=\"d6a8829\" data-element_type=\"section\" data-e-type=\"section\" data-settings=\"{&quot;stretch_section&quot;:&quot;section-stretched&quot;}\">\n\t\t\t\t\t\t<div class=\"elementor-container elementor-column-gap-default\">\n\t\t\t\t\t<div class=\"elementor-column elementor-col-100 elementor-top-column elementor-element elementor-element-05aa239\" data-id=\"05aa239\" data-element_type=\"column\" data-e-type=\"column\">\n\t\t\t<div class=\"elementor-widget-wrap elementor-element-populated\">\n\t\t\t\t\t\t<div class=\"elementor-element elementor-element-67395b3 elementor-widget-divider--view-line elementor-widget elementor-widget-divider\" data-id=\"67395b3\" data-element_type=\"widget\" data-e-type=\"widget\" data-widget_type=\"divider.default\">\n\t\t\t\t<div class=\"elementor-widget-container\">\n\t\t\t\t\t\t\t<div class=\"elementor-divider\">\n\t\t\t<span class=\"elementor-divider-separator\">\n\t\t\t\t\t\t<\/span>\n\t\t<\/div>\n\t\t\t\t\t\t<\/div>\n\t\t\t\t<\/div>\n\t\t\t\t\t<\/div>\n\t\t<\/div>\n\t\t\t\t\t<\/div>\n\t\t<\/section>\n\t\t\t\t<\/div>\n\t\t","protected":false},"excerpt":{"rendered":"<p>T-MAX Products Loading, Feeding and Transport Units Plastic Raw Material Loading, Feeding Units &amp; Systems Loadmax Seperate Hopper Loading Units Loadmax Self-Contained Loading Units Loadmax High Capacity Loading Units Flexible Screw Conveying Systems T-MAX is a TEPRO Machinery &amp; Automation Systems Brand | T-MAX PROCESS T-MAX Corporate After Sales Contact Us Customer Complaint Form Customer [&hellip;]<\/p>\n","protected":false},"author":1,"featured_media":0,"parent":17015,"menu_order":0,"comment_status":"closed","ping_status":"closed","template":"","meta":{"_acf_changed":false,"footnotes":""},"class_list":["post-16997","page","type-page","status-publish","hentry"],"acf":[],"aioseo_notices":[],"_links":{"self":[{"href":"https:\/\/t-max.com.tr\/en\/wp-json\/wp\/v2\/pages\/16997","targetHints":{"allow":["GET"]}}],"collection":[{"href":"https:\/\/t-max.com.tr\/en\/wp-json\/wp\/v2\/pages"}],"about":[{"href":"https:\/\/t-max.com.tr\/en\/wp-json\/wp\/v2\/types\/page"}],"author":[{"embeddable":true,"href":"https:\/\/t-max.com.tr\/en\/wp-json\/wp\/v2\/users\/1"}],"replies":[{"embeddable":true,"href":"https:\/\/t-max.com.tr\/en\/wp-json\/wp\/v2\/comments?post=16997"}],"version-history":[{"count":1,"href":"https:\/\/t-max.com.tr\/en\/wp-json\/wp\/v2\/pages\/16997\/revisions"}],"predecessor-version":[{"id":25221,"href":"https:\/\/t-max.com.tr\/en\/wp-json\/wp\/v2\/pages\/16997\/revisions\/25221"}],"up":[{"embeddable":true,"href":"https:\/\/t-max.com.tr\/en\/wp-json\/wp\/v2\/pages\/17015"}],"wp:attachment":[{"href":"https:\/\/t-max.com.tr\/en\/wp-json\/wp\/v2\/media?parent=16997"}],"curies":[{"name":"wp","href":"https:\/\/api.w.org\/{rel}","templated":true}]}}