{"id":17038,"date":"2024-01-24T13:32:01","date_gmt":"2024-01-24T10:32:01","guid":{"rendered":"https:\/\/t-max.com.tr\/t-max-products\/mold-storage-racks\/"},"modified":"2025-04-17T11:05:20","modified_gmt":"2025-04-17T08:05:20","slug":"mold-storage-racks","status":"publish","type":"page","link":"https:\/\/t-max.com.tr\/en\/t-max-products\/mold-storage-racks\/","title":{"rendered":"Mold Storage Racks"},"content":{"rendered":"\t\t<div data-elementor-type=\"wp-page\" data-elementor-id=\"17038\" class=\"elementor elementor-17038 elementor-10003\" data-elementor-post-type=\"page\">\n\t\t\t\t\t\t<section class=\"elementor-section elementor-top-section elementor-element elementor-element-7e69135 elementor-section-boxed elementor-section-height-default elementor-section-height-default\" data-id=\"7e69135\" data-element_type=\"section\" data-e-type=\"section\">\n\t\t\t\t\t\t<div class=\"elementor-container elementor-column-gap-default\">\n\t\t\t\t\t<div class=\"elementor-column elementor-col-100 elementor-top-column elementor-element elementor-element-6b32d3e\" data-id=\"6b32d3e\" data-element_type=\"column\" data-e-type=\"column\">\n\t\t\t<div class=\"elementor-widget-wrap elementor-element-populated\">\n\t\t\t\t\t\t<div class=\"elementor-element elementor-element-69d12eb elementor-widget elementor-widget-wwp-elementor-dynamic-breadcrumbs\" data-id=\"69d12eb\" data-element_type=\"widget\" data-e-type=\"widget\" data-widget_type=\"wwp-elementor-dynamic-breadcrumbs.default\">\n\t\t\t\t<div class=\"elementor-widget-container\">\n\t\t\t\t\t<ol class=\"wwp-elementor-breadcrumbs \" id=\"breadcrumb-69f0a4707509c\"><li class=\"visited\"><a href=\"https:\/\/t-max.com.tr\/en\/t-max-products\/\">T-MAX Products<\/a><\/li><li class=\"current\"><span>Mold Storage Racks<\/span><\/li><\/ol><script type=\"application\/ld+json\">{\"@context\":\"https:\\\/\\\/schema.org\\\/\",\"@type\":\"BreadcrumbList\",\"itemListElement\":[{\"@type\":\"ListItem\",\"position\":1,\"name\":\"T-MAX Products\",\"item\":\"https:\\\/\\\/t-max.com.tr\\\/en\\\/t-max-products\\\/\"},{\"@type\":\"ListItem\",\"position\":2,\"name\":\"Mold Storage Racks\",\"item\":\"https:\\\/\\\/t-max.com.tr\\\/en\\\/wp-json\\\/wp\\\/v2\\\/pages\\\/17038\\\/\"}]}<\/script>\t\t\t\t<\/div>\n\t\t\t\t<\/div>\n\t\t\t\t\t<\/div>\n\t\t<\/div>\n\t\t\t\t\t<\/div>\n\t\t<\/section>\n\t\t\t\t<section class=\"elementor-section elementor-top-section elementor-element elementor-element-ef490af elementor-section-boxed elementor-section-height-default elementor-section-height-default\" data-id=\"ef490af\" data-element_type=\"section\" data-e-type=\"section\">\n\t\t\t\t\t\t<div class=\"elementor-container elementor-column-gap-default\">\n\t\t\t\t\t<div class=\"elementor-column elementor-col-100 elementor-top-column elementor-element elementor-element-e0c287b\" data-id=\"e0c287b\" data-element_type=\"column\" data-e-type=\"column\">\n\t\t\t<div class=\"elementor-widget-wrap elementor-element-populated\">\n\t\t\t\t\t\t<div class=\"elementor-element elementor-element-6c50369 elementor-widget elementor-widget-heading\" data-id=\"6c50369\" data-element_type=\"widget\" data-e-type=\"widget\" data-widget_type=\"heading.default\">\n\t\t\t\t<div class=\"elementor-widget-container\">\n\t\t\t\t\t<h1 class=\"elementor-heading-title elementor-size-default\">Mold Shop Storage Racks Solutions<\/h1>\t\t\t\t<\/div>\n\t\t\t\t<\/div>\n\t\t\t\t\t<\/div>\n\t\t<\/div>\n\t\t\t\t\t<\/div>\n\t\t<\/section>\n\t\t\t\t<section class=\"elementor-section elementor-top-section elementor-element elementor-element-187e62d elementor-section-boxed elementor-section-height-default elementor-section-height-default\" data-id=\"187e62d\" data-element_type=\"section\" data-e-type=\"section\">\n\t\t\t\t\t\t<div class=\"elementor-container elementor-column-gap-default\">\n\t\t\t\t\t<div class=\"elementor-column elementor-col-100 elementor-top-column elementor-element elementor-element-baf9d21\" data-id=\"baf9d21\" data-element_type=\"column\" data-e-type=\"column\">\n\t\t\t<div class=\"elementor-widget-wrap elementor-element-populated\">\n\t\t\t\t\t\t<div class=\"elementor-element elementor-element-c2aef4c elementor-widget-divider--view-line elementor-widget elementor-widget-divider\" data-id=\"c2aef4c\" data-element_type=\"widget\" data-e-type=\"widget\" data-widget_type=\"divider.default\">\n\t\t\t\t<div class=\"elementor-widget-container\">\n\t\t\t\t\t\t\t<div class=\"elementor-divider\">\n\t\t\t<span class=\"elementor-divider-separator\">\n\t\t\t\t\t\t<\/span>\n\t\t<\/div>\n\t\t\t\t\t\t<\/div>\n\t\t\t\t<\/div>\n\t\t\t\t\t<\/div>\n\t\t<\/div>\n\t\t\t\t\t<\/div>\n\t\t<\/section>\n\t\t\t\t<section class=\"elementor-section elementor-top-section elementor-element elementor-element-f170f35 elementor-section-boxed elementor-section-height-default elementor-section-height-default\" data-id=\"f170f35\" data-element_type=\"section\" data-e-type=\"section\">\n\t\t\t\t\t\t<div class=\"elementor-container elementor-column-gap-default\">\n\t\t\t\t\t<div class=\"elementor-column elementor-col-50 elementor-top-column elementor-element elementor-element-9e0c9be\" data-id=\"9e0c9be\" data-element_type=\"column\" data-e-type=\"column\">\n\t\t\t<div class=\"elementor-widget-wrap elementor-element-populated\">\n\t\t\t\t\t\t<div class=\"elementor-element elementor-element-372bb2b elementor-position-top elementor-widget elementor-widget-image-box\" data-id=\"372bb2b\" data-element_type=\"widget\" data-e-type=\"widget\" data-widget_type=\"image-box.default\">\n\t\t\t\t<div class=\"elementor-widget-container\">\n\t\t\t\t\t<div class=\"elementor-image-box-wrapper\"><figure class=\"elementor-image-box-img\"><a href=\"https:\/\/t-max.com.tr\/en\/t-max-products\/mold-storage-racks\/rackmax-mold-racks\/\" tabindex=\"-1\"><img fetchpriority=\"high\" decoding=\"async\" width=\"1024\" height=\"569\" src=\"https:\/\/t-max.com.tr\/wp-content\/uploads\/2024\/09\/50-rackmax-kalip-rafi-02-1024x569.jpg\" class=\"attachment-large size-large wp-image-19065\" alt=\"\" srcset=\"https:\/\/t-max.com.tr\/wp-content\/uploads\/2024\/09\/50-rackmax-kalip-rafi-02-1024x569.jpg 1024w, https:\/\/t-max.com.tr\/wp-content\/uploads\/2024\/09\/50-rackmax-kalip-rafi-02-300x167.jpg 300w, https:\/\/t-max.com.tr\/wp-content\/uploads\/2024\/09\/50-rackmax-kalip-rafi-02-768x427.jpg 768w, https:\/\/t-max.com.tr\/wp-content\/uploads\/2024\/09\/50-rackmax-kalip-rafi-02-1536x854.jpg 1536w, https:\/\/t-max.com.tr\/wp-content\/uploads\/2024\/09\/50-rackmax-kalip-rafi-02.jpg 1875w\" sizes=\"100vw\" \/><\/a><\/figure><div class=\"elementor-image-box-content\"><h2 class=\"elementor-image-box-title\"><a href=\"https:\/\/t-max.com.tr\/en\/t-max-products\/mold-storage-racks\/rackmax-mold-racks\/\">Rackmax Mold Racks<\/a><\/h2><\/div><\/div>\t\t\t\t<\/div>\n\t\t\t\t<\/div>\n\t\t\t\t\t<\/div>\n\t\t<\/div>\n\t\t\t\t<div class=\"elementor-column elementor-col-50 elementor-top-column elementor-element elementor-element-50987bf\" data-id=\"50987bf\" data-element_type=\"column\" data-e-type=\"column\">\n\t\t\t<div class=\"elementor-widget-wrap\">\n\t\t\t\t\t\t\t<\/div>\n\t\t<\/div>\n\t\t\t\t\t<\/div>\n\t\t<\/section>\n\t\t\t\t<section class=\"elementor-section elementor-top-section elementor-element elementor-element-b88350c elementor-section-boxed elementor-section-height-default elementor-section-height-default\" data-id=\"b88350c\" data-element_type=\"section\" data-e-type=\"section\">\n\t\t\t\t\t\t<div class=\"elementor-container elementor-column-gap-default\">\n\t\t\t\t\t<div class=\"elementor-column elementor-col-100 elementor-top-column elementor-element elementor-element-1427d24\" data-id=\"1427d24\" data-element_type=\"column\" data-e-type=\"column\">\n\t\t\t<div class=\"elementor-widget-wrap elementor-element-populated\">\n\t\t\t\t\t\t<div class=\"elementor-element elementor-element-f80044a elementor-widget-divider--view-line elementor-widget elementor-widget-divider\" data-id=\"f80044a\" data-element_type=\"widget\" data-e-type=\"widget\" data-widget_type=\"divider.default\">\n\t\t\t\t<div class=\"elementor-widget-container\">\n\t\t\t\t\t\t\t<div class=\"elementor-divider\">\n\t\t\t<span class=\"elementor-divider-separator\">\n\t\t\t\t\t\t<\/span>\n\t\t<\/div>\n\t\t\t\t\t\t<\/div>\n\t\t\t\t<\/div>\n\t\t\t\t\t<\/div>\n\t\t<\/div>\n\t\t\t\t\t<\/div>\n\t\t<\/section>\n\t\t\t\t<section class=\"elementor-section elementor-top-section elementor-element elementor-element-37fe7c9 elementor-section-full_width elementor-section-stretched elementor-section-height-default elementor-section-height-default\" data-id=\"37fe7c9\" data-element_type=\"section\" data-e-type=\"section\" data-settings=\"{&quot;stretch_section&quot;:&quot;section-stretched&quot;}\">\n\t\t\t\t\t\t<div class=\"elementor-container elementor-column-gap-default\">\n\t\t\t\t\t<div class=\"elementor-column elementor-col-100 elementor-top-column elementor-element elementor-element-38a9e0c\" data-id=\"38a9e0c\" data-element_type=\"column\" data-e-type=\"column\">\n\t\t\t<div class=\"elementor-widget-wrap elementor-element-populated\">\n\t\t\t\t\t\t<div class=\"elementor-element elementor-element-5fd506f elementor-widget-divider--view-line elementor-widget elementor-widget-divider\" data-id=\"5fd506f\" data-element_type=\"widget\" data-e-type=\"widget\" data-widget_type=\"divider.default\">\n\t\t\t\t<div class=\"elementor-widget-container\">\n\t\t\t\t\t\t\t<div class=\"elementor-divider\">\n\t\t\t<span class=\"elementor-divider-separator\">\n\t\t\t\t\t\t<\/span>\n\t\t<\/div>\n\t\t\t\t\t\t<\/div>\n\t\t\t\t<\/div>\n\t\t\t\t\t<\/div>\n\t\t<\/div>\n\t\t\t\t\t<\/div>\n\t\t<\/section>\n\t\t\t\t<section class=\"elementor-section elementor-top-section elementor-element elementor-element-2d1cd89 elementor-section-full_width elementor-section-height-default elementor-section-height-default\" data-id=\"2d1cd89\" data-element_type=\"section\" data-e-type=\"section\" data-settings=\"{&quot;background_background&quot;:&quot;classic&quot;}\">\n\t\t\t\t\t\t<div class=\"elementor-container elementor-column-gap-default\">\n\t\t\t\t\t<div class=\"elementor-column elementor-col-25 elementor-top-column elementor-element elementor-element-e1c7130\" data-id=\"e1c7130\" data-element_type=\"column\" data-e-type=\"column\">\n\t\t\t<div class=\"elementor-widget-wrap elementor-element-populated\">\n\t\t\t\t\t\t<div class=\"elementor-element elementor-element-8250370 elementor-widget elementor-widget-image\" data-id=\"8250370\" data-element_type=\"widget\" data-e-type=\"widget\" data-widget_type=\"image.default\">\n\t\t\t\t<div class=\"elementor-widget-container\">\n\t\t\t\t\t\t\t\t\t\t\t\t<figure class=\"wp-caption\">\n\t\t\t\t\t\t\t\t\t\t\t<a href=\"https:\/\/tepro.com.tr\">\n\t\t\t\t\t\t\t<img decoding=\"async\" width=\"140\" height=\"140\" src=\"https:\/\/t-max.com.tr\/wp-content\/uploads\/2025\/03\/tepro-logo-1.jpg\" class=\"attachment-full size-full wp-image-23995\" alt=\"\" srcset=\"https:\/\/t-max.com.tr\/wp-content\/uploads\/2025\/03\/tepro-logo-1.jpg 140w, https:\/\/t-max.com.tr\/wp-content\/uploads\/2025\/03\/tepro-logo-1-100x100.jpg 100w\" sizes=\"100vw\" \/>\t\t\t\t\t\t\t\t<\/a>\n\t\t\t\t\t\t\t\t\t\t\t<figcaption class=\"widget-image-caption wp-caption-text\">T-MAX is a TEPRO Machinery &amp; Automation Systems Brand<\/figcaption>\n\t\t\t\t\t\t\t\t\t\t<\/figure>\n\t\t\t\t\t\t\t\t\t<\/div>\n\t\t\t\t<\/div>\n\t\t\t\t\t<\/div>\n\t\t<\/div>\n\t\t\t\t<div class=\"elementor-column elementor-col-25 elementor-top-column elementor-element elementor-element-144a6fb\" data-id=\"144a6fb\" data-element_type=\"column\" data-e-type=\"column\">\n\t\t\t<div class=\"elementor-widget-wrap elementor-element-populated\">\n\t\t\t\t\t\t<div class=\"elementor-element elementor-element-e384fb4 elementor-widget elementor-widget-text-editor\" data-id=\"e384fb4\" data-element_type=\"widget\" data-e-type=\"widget\" data-widget_type=\"text-editor.default\">\n\t\t\t\t<div class=\"elementor-widget-container\">\n\t\t\t\t\t\t\t\t\t<p>| <strong>T-MAX PROCESS<\/strong><\/p><ul><li><a href=\"https:\/\/t-max.com.tr\/en\/t-max-corporate\/\">T-MAX Corporate<\/a><\/li><li><a href=\"https:\/\/t-max.com.tr\/en\/after-sales\/\"><span style=\"letter-spacing: 0.02rem; font-size: 1rem;\">After Sales<\/span><\/a><\/li><li><a href=\"https:\/\/t-max.com.tr\/en\/contact\/\"><span style=\"letter-spacing: 0.02rem; font-size: 1rem;\">Contact Us<\/span><\/a><\/li><li><a href=\"https:\/\/t-max.com.tr\/en\/t-max-corporate\/customer-complaint-form\/\">Customer Complaint Form<\/a><\/li><li><a href=\"https:\/\/t-max.com.tr\/en\/t-max-corporate\/customer-satisfaction-and-expectations-survey\/\">Customer Satisfaction And Expectations Survey <\/a><\/li><\/ul>\t\t\t\t\t\t\t\t<\/div>\n\t\t\t\t<\/div>\n\t\t\t\t\t<\/div>\n\t\t<\/div>\n\t\t\t\t<div class=\"elementor-column elementor-col-25 elementor-top-column elementor-element elementor-element-e5d1ea5\" data-id=\"e5d1ea5\" data-element_type=\"column\" data-e-type=\"column\">\n\t\t\t<div class=\"elementor-widget-wrap elementor-element-populated\">\n\t\t\t\t\t\t<div class=\"elementor-element elementor-element-d93d66a elementor-widget elementor-widget-text-editor\" data-id=\"d93d66a\" data-element_type=\"widget\" data-e-type=\"widget\" data-widget_type=\"text-editor.default\">\n\t\t\t\t<div class=\"elementor-widget-container\">\n\t\t\t\t\t\t\t\t\t<p><strong>| OUR PRODUCTS<\/strong><\/p><ul><li><a href=\"https:\/\/t-max.com.tr\/en\/t-max-products\/loading-feeding-and-transport-units\/\">Loading, Feeding And Transport Units<\/a><\/li><li><a href=\"https:\/\/t-max.com.tr\/en\/t-max-products\/raw-material-drying-units\/\">Raw Material Drying Units<\/a><\/li><li><a href=\"https:\/\/t-max.com.tr\/en\/t-max-products\/crushing-and-recycling-machines\/\">Crushing And Recycling Machines<\/a><\/li><li><a href=\"https:\/\/t-max.com.tr\/en\/t-max-products\/\">\u2192 All Product Categories<\/a><\/li><\/ul>\t\t\t\t\t\t\t\t<\/div>\n\t\t\t\t<\/div>\n\t\t\t\t\t<\/div>\n\t\t<\/div>\n\t\t\t\t<div class=\"elementor-column elementor-col-25 elementor-top-column elementor-element elementor-element-9767c47\" data-id=\"9767c47\" data-element_type=\"column\" data-e-type=\"column\">\n\t\t\t<div class=\"elementor-widget-wrap elementor-element-populated\">\n\t\t\t\t\t\t<div class=\"elementor-element elementor-element-2e6a944 elementor-widget elementor-widget-text-editor\" data-id=\"2e6a944\" data-element_type=\"widget\" data-e-type=\"widget\" data-widget_type=\"text-editor.default\">\n\t\t\t\t<div class=\"elementor-widget-container\">\n\t\t\t\t\t\t\t\t\t<p><strong>| CONTACT<\/strong><\/p><p><a>\u0130n\u00f6n\u00fc Mahallesi G\u00fczeller Organize San. B\u00f6lgesi, Nursultan Nazarbayev Sok. No.14, 41400 Gebze\/Kocaeli<\/a><\/p><p><strong>Phone :<\/strong> <a href=\"tel:+902167092600\"><span class=\"con-text\">+90 216 709 26 00 <\/span><\/a><\/p><p><strong>Email :<\/strong> \u00a0<a href=\"mailto:info@t-max.com.tr\"><span class=\"con-text\">info@t-max.com.tr<\/span><\/a><\/p>\t\t\t\t\t\t\t\t<\/div>\n\t\t\t\t<\/div>\n\t\t\t\t<div class=\"elementor-element elementor-element-f0e8557 e-grid-align-left elementor-shape-rounded elementor-grid-0 elementor-widget elementor-widget-social-icons\" data-id=\"f0e8557\" data-element_type=\"widget\" data-e-type=\"widget\" data-widget_type=\"social-icons.default\">\n\t\t\t\t<div class=\"elementor-widget-container\">\n\t\t\t\t\t\t\t<div class=\"elementor-social-icons-wrapper elementor-grid\" role=\"list\">\n\t\t\t\t\t\t\t<span class=\"elementor-grid-item\" role=\"listitem\">\n\t\t\t\t\t<a class=\"elementor-icon elementor-social-icon elementor-social-icon-instagram elementor-repeater-item-8a2d6da\" href=\"https:\/\/www.instagram.com\/tmaxmakine\/\" target=\"_blank\">\n\t\t\t\t\t\t<span class=\"elementor-screen-only\">Instagram<\/span>\n\t\t\t\t\t\t<i aria-hidden=\"true\" class=\"fab fa-instagram\"><\/i>\t\t\t\t\t<\/a>\n\t\t\t\t<\/span>\n\t\t\t\t\t\t\t<span class=\"elementor-grid-item\" role=\"listitem\">\n\t\t\t\t\t<a class=\"elementor-icon elementor-social-icon elementor-social-icon-linkedin elementor-repeater-item-89b3b0d\" href=\"https:\/\/www.linkedin.com\/company\/78628982\/\" target=\"_blank\">\n\t\t\t\t\t\t<span class=\"elementor-screen-only\">Linkedin<\/span>\n\t\t\t\t\t\t<i aria-hidden=\"true\" class=\"fab fa-linkedin\"><\/i>\t\t\t\t\t<\/a>\n\t\t\t\t<\/span>\n\t\t\t\t\t<\/div>\n\t\t\t\t\t\t<\/div>\n\t\t\t\t<\/div>\n\t\t\t\t\t<\/div>\n\t\t<\/div>\n\t\t\t\t\t<\/div>\n\t\t<\/section>\n\t\t\t\t<section class=\"elementor-section elementor-top-section elementor-element elementor-element-f06ba9e elementor-section-full_width elementor-section-stretched elementor-section-height-default elementor-section-height-default\" data-id=\"f06ba9e\" data-element_type=\"section\" data-e-type=\"section\" data-settings=\"{&quot;stretch_section&quot;:&quot;section-stretched&quot;}\">\n\t\t\t\t\t\t<div class=\"elementor-container elementor-column-gap-default\">\n\t\t\t\t\t<div class=\"elementor-column elementor-col-100 elementor-top-column elementor-element elementor-element-b723d2e\" data-id=\"b723d2e\" data-element_type=\"column\" data-e-type=\"column\">\n\t\t\t<div class=\"elementor-widget-wrap elementor-element-populated\">\n\t\t\t\t\t\t<div class=\"elementor-element elementor-element-be87133 elementor-widget-divider--view-line elementor-widget elementor-widget-divider\" data-id=\"be87133\" data-element_type=\"widget\" data-e-type=\"widget\" data-widget_type=\"divider.default\">\n\t\t\t\t<div class=\"elementor-widget-container\">\n\t\t\t\t\t\t\t<div class=\"elementor-divider\">\n\t\t\t<span class=\"elementor-divider-separator\">\n\t\t\t\t\t\t<\/span>\n\t\t<\/div>\n\t\t\t\t\t\t<\/div>\n\t\t\t\t<\/div>\n\t\t\t\t\t<\/div>\n\t\t<\/div>\n\t\t\t\t\t<\/div>\n\t\t<\/section>\n\t\t\t\t<\/div>\n\t\t","protected":false},"excerpt":{"rendered":"<p>T-MAX Products Mold Storage Racks Mold Shop Storage Racks Solutions Rackmax Mold Racks T-MAX is a TEPRO Machinery &amp; Automation Systems Brand | T-MAX PROCESS T-MAX Corporate After Sales Contact Us Customer Complaint Form Customer Satisfaction And Expectations Survey | OUR PRODUCTS Loading, Feeding And Transport Units Raw Material Drying Units Crushing And Recycling Machines [&hellip;]<\/p>\n","protected":false},"author":1,"featured_media":0,"parent":17015,"menu_order":0,"comment_status":"closed","ping_status":"closed","template":"","meta":{"_acf_changed":false,"footnotes":""},"class_list":["post-17038","page","type-page","status-publish","hentry"],"acf":[],"aioseo_notices":[],"_links":{"self":[{"href":"https:\/\/t-max.com.tr\/en\/wp-json\/wp\/v2\/pages\/17038","targetHints":{"allow":["GET"]}}],"collection":[{"href":"https:\/\/t-max.com.tr\/en\/wp-json\/wp\/v2\/pages"}],"about":[{"href":"https:\/\/t-max.com.tr\/en\/wp-json\/wp\/v2\/types\/page"}],"author":[{"embeddable":true,"href":"https:\/\/t-max.com.tr\/en\/wp-json\/wp\/v2\/users\/1"}],"replies":[{"embeddable":true,"href":"https:\/\/t-max.com.tr\/en\/wp-json\/wp\/v2\/comments?post=17038"}],"version-history":[{"count":4,"href":"https:\/\/t-max.com.tr\/en\/wp-json\/wp\/v2\/pages\/17038\/revisions"}],"predecessor-version":[{"id":25190,"href":"https:\/\/t-max.com.tr\/en\/wp-json\/wp\/v2\/pages\/17038\/revisions\/25190"}],"up":[{"embeddable":true,"href":"https:\/\/t-max.com.tr\/en\/wp-json\/wp\/v2\/pages\/17015"}],"wp:attachment":[{"href":"https:\/\/t-max.com.tr\/en\/wp-json\/wp\/v2\/media?parent=17038"}],"curies":[{"name":"wp","href":"https:\/\/api.w.org\/{rel}","templated":true}]}}