{"id":17073,"date":"2024-01-24T13:50:28","date_gmt":"2024-01-24T10:50:28","guid":{"rendered":"https:\/\/t-max.com.tr\/t-max-products\/bagomax-automatic-bag-opening-unloading\/"},"modified":"2025-07-01T16:16:51","modified_gmt":"2025-07-01T13:16:51","slug":"bagomax-automatic-bag-opening-unloading","status":"publish","type":"page","link":"https:\/\/t-max.com.tr\/en\/t-max-products\/bagomax-automatic-bag-opening-unloading\/","title":{"rendered":"Bagomax Automatic Bag Opening \/ Emptying"},"content":{"rendered":"\t\t<div data-elementor-type=\"wp-page\" data-elementor-id=\"17073\" class=\"elementor elementor-17073 elementor-10031\" data-elementor-post-type=\"page\">\n\t\t\t\t\t\t<section class=\"elementor-section elementor-top-section elementor-element elementor-element-301a8f3 elementor-section-boxed elementor-section-height-default elementor-section-height-default\" data-id=\"301a8f3\" data-element_type=\"section\" data-e-type=\"section\">\n\t\t\t\t\t\t<div class=\"elementor-container elementor-column-gap-default\">\n\t\t\t\t\t<div class=\"elementor-column elementor-col-100 elementor-top-column elementor-element elementor-element-1bcd448\" data-id=\"1bcd448\" data-element_type=\"column\" data-e-type=\"column\">\n\t\t\t<div class=\"elementor-widget-wrap elementor-element-populated\">\n\t\t\t\t\t\t<div class=\"elementor-element elementor-element-0b3c4c5 elementor-widget elementor-widget-wwp-elementor-dynamic-breadcrumbs\" data-id=\"0b3c4c5\" data-element_type=\"widget\" data-e-type=\"widget\" data-widget_type=\"wwp-elementor-dynamic-breadcrumbs.default\">\n\t\t\t\t<div class=\"elementor-widget-container\">\n\t\t\t\t\t<ol class=\"wwp-elementor-breadcrumbs \" id=\"breadcrumb-69e8ca0fec104\"><li class=\"visited\"><a href=\"https:\/\/t-max.com.tr\/en\/t-max-products\/\">T-MAX Products<\/a><\/li><li class=\"current\"><span>Bagomax Automatic Bag Opening \/ Emptying<\/span><\/li><\/ol><script type=\"application\/ld+json\">{\"@context\":\"https:\\\/\\\/schema.org\\\/\",\"@type\":\"BreadcrumbList\",\"itemListElement\":[{\"@type\":\"ListItem\",\"position\":1,\"name\":\"T-MAX Products\",\"item\":\"https:\\\/\\\/t-max.com.tr\\\/en\\\/t-max-products\\\/\"},{\"@type\":\"ListItem\",\"position\":2,\"name\":\"Bagomax Automatic Bag Opening \\\/ Emptying\",\"item\":\"https:\\\/\\\/t-max.com.tr\\\/en\\\/wp-json\\\/wp\\\/v2\\\/pages\\\/17073\\\/\"}]}<\/script>\t\t\t\t<\/div>\n\t\t\t\t<\/div>\n\t\t\t\t\t<\/div>\n\t\t<\/div>\n\t\t\t\t\t<\/div>\n\t\t<\/section>\n\t\t\t\t<section class=\"elementor-section elementor-top-section elementor-element elementor-element-3f0eb72 elementor-section-boxed elementor-section-height-default elementor-section-height-default\" data-id=\"3f0eb72\" data-element_type=\"section\" data-e-type=\"section\">\n\t\t\t\t\t\t<div class=\"elementor-container elementor-column-gap-default\">\n\t\t\t\t\t<div class=\"elementor-column elementor-col-100 elementor-top-column elementor-element elementor-element-3c78cef\" data-id=\"3c78cef\" data-element_type=\"column\" data-e-type=\"column\">\n\t\t\t<div class=\"elementor-widget-wrap elementor-element-populated\">\n\t\t\t\t\t\t<div class=\"elementor-element elementor-element-5fa8ac0 elementor-widget elementor-widget-heading\" data-id=\"5fa8ac0\" data-element_type=\"widget\" data-e-type=\"widget\" data-widget_type=\"heading.default\">\n\t\t\t\t<div class=\"elementor-widget-container\">\n\t\t\t\t\t<h1 class=\"elementor-heading-title elementor-size-default\">Bagomax Automatic  Bag Opening \/ Emptying<\/h1>\t\t\t\t<\/div>\n\t\t\t\t<\/div>\n\t\t\t\t\t<\/div>\n\t\t<\/div>\n\t\t\t\t\t<\/div>\n\t\t<\/section>\n\t\t\t\t<section class=\"elementor-section elementor-top-section elementor-element elementor-element-ec15696 elementor-section-boxed elementor-section-height-default elementor-section-height-default\" data-id=\"ec15696\" data-element_type=\"section\" data-e-type=\"section\">\n\t\t\t\t\t\t<div class=\"elementor-container elementor-column-gap-default\">\n\t\t\t\t\t<div class=\"elementor-column elementor-col-100 elementor-top-column elementor-element elementor-element-f1f76c0\" data-id=\"f1f76c0\" data-element_type=\"column\" data-e-type=\"column\">\n\t\t\t<div class=\"elementor-widget-wrap elementor-element-populated\">\n\t\t\t\t\t\t<div class=\"elementor-element elementor-element-8418093 elementor-widget-divider--view-line elementor-widget elementor-widget-divider\" data-id=\"8418093\" data-element_type=\"widget\" data-e-type=\"widget\" data-widget_type=\"divider.default\">\n\t\t\t\t<div class=\"elementor-widget-container\">\n\t\t\t\t\t\t\t<div class=\"elementor-divider\">\n\t\t\t<span class=\"elementor-divider-separator\">\n\t\t\t\t\t\t<\/span>\n\t\t<\/div>\n\t\t\t\t\t\t<\/div>\n\t\t\t\t<\/div>\n\t\t\t\t\t<\/div>\n\t\t<\/div>\n\t\t\t\t\t<\/div>\n\t\t<\/section>\n\t\t\t\t<section class=\"elementor-section elementor-top-section elementor-element elementor-element-2d712f0 elementor-section-boxed elementor-section-height-default elementor-section-height-default\" data-id=\"2d712f0\" data-element_type=\"section\" data-e-type=\"section\">\n\t\t\t\t\t\t<div class=\"elementor-container elementor-column-gap-default\">\n\t\t\t\t\t<div class=\"elementor-column elementor-col-50 elementor-top-column elementor-element elementor-element-526adea\" data-id=\"526adea\" data-element_type=\"column\" data-e-type=\"column\">\n\t\t\t<div class=\"elementor-widget-wrap elementor-element-populated\">\n\t\t\t\t\t\t<div class=\"elementor-element elementor-element-ab1b9ba elementor-position-top elementor-widget elementor-widget-image-box\" data-id=\"ab1b9ba\" data-element_type=\"widget\" data-e-type=\"widget\" data-widget_type=\"image-box.default\">\n\t\t\t\t<div class=\"elementor-widget-container\">\n\t\t\t\t\t<div class=\"elementor-image-box-wrapper\"><figure class=\"elementor-image-box-img\"><a href=\"https:\/\/t-max.com.tr\/en\/t-max-products\/bagomax-automatic-bag-opening-unloading\/bag-opening-and-emptying-machine\/\" tabindex=\"-1\"><img fetchpriority=\"high\" decoding=\"async\" width=\"1024\" height=\"569\" src=\"https:\/\/t-max.com.tr\/wp-content\/uploads\/2024\/09\/bagomax-tam-otomatik-1-1024x569.jpg\" class=\"attachment-large size-large wp-image-18342\" alt=\"\" srcset=\"https:\/\/t-max.com.tr\/wp-content\/uploads\/2024\/09\/bagomax-tam-otomatik-1-1024x569.jpg 1024w, https:\/\/t-max.com.tr\/wp-content\/uploads\/2024\/09\/bagomax-tam-otomatik-1-300x167.jpg 300w, https:\/\/t-max.com.tr\/wp-content\/uploads\/2024\/09\/bagomax-tam-otomatik-1-768x427.jpg 768w, https:\/\/t-max.com.tr\/wp-content\/uploads\/2024\/09\/bagomax-tam-otomatik-1-1536x854.jpg 1536w, https:\/\/t-max.com.tr\/wp-content\/uploads\/2024\/09\/bagomax-tam-otomatik-1.jpg 1875w\" sizes=\"100vw\" \/><\/a><\/figure><div class=\"elementor-image-box-content\"><h2 class=\"elementor-image-box-title\"><a href=\"https:\/\/t-max.com.tr\/en\/t-max-products\/bagomax-automatic-bag-opening-unloading\/bag-opening-and-emptying-machine\/\">Bag Opening and Emptying Machine<\/a><\/h2><\/div><\/div>\t\t\t\t<\/div>\n\t\t\t\t<\/div>\n\t\t\t\t\t<\/div>\n\t\t<\/div>\n\t\t\t\t<div class=\"elementor-column elementor-col-50 elementor-top-column elementor-element elementor-element-18df57c\" data-id=\"18df57c\" data-element_type=\"column\" data-e-type=\"column\">\n\t\t\t<div class=\"elementor-widget-wrap elementor-element-populated\">\n\t\t\t\t\t\t<div class=\"elementor-element elementor-element-e4800fb elementor-position-top elementor-widget elementor-widget-image-box\" data-id=\"e4800fb\" data-element_type=\"widget\" data-e-type=\"widget\" data-widget_type=\"image-box.default\">\n\t\t\t\t<div class=\"elementor-widget-container\">\n\t\t\t\t\t<div class=\"elementor-image-box-wrapper\"><figure class=\"elementor-image-box-img\"><a href=\"https:\/\/t-max.com.tr\/en\/t-max-products\/bagomax-automatic-bag-opening-unloading\/semi-automatic-bag-opening-and-emptying\/\" tabindex=\"-1\"><img decoding=\"async\" width=\"937\" height=\"521\" src=\"https:\/\/t-max.com.tr\/wp-content\/uploads\/2025\/02\/bagomax-yari-otomatik-02.jpg\" class=\"attachment-large size-large wp-image-23446\" alt=\"\" srcset=\"https:\/\/t-max.com.tr\/wp-content\/uploads\/2025\/02\/bagomax-yari-otomatik-02.jpg 937w, https:\/\/t-max.com.tr\/wp-content\/uploads\/2025\/02\/bagomax-yari-otomatik-02-300x167.jpg 300w, https:\/\/t-max.com.tr\/wp-content\/uploads\/2025\/02\/bagomax-yari-otomatik-02-768x427.jpg 768w\" sizes=\"100vw\" \/><\/a><\/figure><div class=\"elementor-image-box-content\"><h2 class=\"elementor-image-box-title\"><a href=\"https:\/\/t-max.com.tr\/en\/t-max-products\/bagomax-automatic-bag-opening-unloading\/semi-automatic-bag-opening-and-emptying\/\">Bag Opening and Emptying Machine<\/a><\/h2><\/div><\/div>\t\t\t\t<\/div>\n\t\t\t\t<\/div>\n\t\t\t\t\t<\/div>\n\t\t<\/div>\n\t\t\t\t\t<\/div>\n\t\t<\/section>\n\t\t\t\t<section class=\"elementor-section elementor-top-section elementor-element elementor-element-6d6a48f elementor-section-boxed elementor-section-height-default elementor-section-height-default\" data-id=\"6d6a48f\" data-element_type=\"section\" data-e-type=\"section\">\n\t\t\t\t\t\t<div class=\"elementor-container elementor-column-gap-default\">\n\t\t\t\t\t<div class=\"elementor-column elementor-col-100 elementor-top-column elementor-element elementor-element-c00d5ac\" data-id=\"c00d5ac\" data-element_type=\"column\" data-e-type=\"column\">\n\t\t\t<div class=\"elementor-widget-wrap elementor-element-populated\">\n\t\t\t\t\t\t<div class=\"elementor-element elementor-element-2812017 elementor-widget-divider--view-line elementor-widget elementor-widget-divider\" data-id=\"2812017\" data-element_type=\"widget\" data-e-type=\"widget\" data-widget_type=\"divider.default\">\n\t\t\t\t<div class=\"elementor-widget-container\">\n\t\t\t\t\t\t\t<div class=\"elementor-divider\">\n\t\t\t<span class=\"elementor-divider-separator\">\n\t\t\t\t\t\t<\/span>\n\t\t<\/div>\n\t\t\t\t\t\t<\/div>\n\t\t\t\t<\/div>\n\t\t\t\t\t<\/div>\n\t\t<\/div>\n\t\t\t\t\t<\/div>\n\t\t<\/section>\n\t\t\t\t<section class=\"elementor-section elementor-top-section elementor-element elementor-element-b49cc3b elementor-section-boxed elementor-section-height-default elementor-section-height-default\" data-id=\"b49cc3b\" data-element_type=\"section\" data-e-type=\"section\">\n\t\t\t\t\t\t<div class=\"elementor-container elementor-column-gap-default\">\n\t\t\t\t\t<div class=\"elementor-column elementor-col-50 elementor-top-column elementor-element elementor-element-84ab506\" data-id=\"84ab506\" data-element_type=\"column\" data-e-type=\"column\">\n\t\t\t<div class=\"elementor-widget-wrap elementor-element-populated\">\n\t\t\t\t\t\t<div class=\"elementor-element elementor-element-eeab445 elementor-position-top elementor-widget elementor-widget-image-box\" data-id=\"eeab445\" data-element_type=\"widget\" data-e-type=\"widget\" data-widget_type=\"image-box.default\">\n\t\t\t\t<div class=\"elementor-widget-container\">\n\t\t\t\t\t<div class=\"elementor-image-box-wrapper\"><figure class=\"elementor-image-box-img\"><a href=\"https:\/\/t-max.com.tr\/en\/t-max-products\/bagomax-automatic-bag-opening-unloading\/bag-cutting-and-emptying-robot\/\" tabindex=\"-1\"><img decoding=\"async\" width=\"937\" height=\"521\" src=\"https:\/\/t-max.com.tr\/wp-content\/uploads\/2025\/02\/torba-thumb.jpg\" class=\"attachment-large size-large wp-image-23459\" alt=\"\" srcset=\"https:\/\/t-max.com.tr\/wp-content\/uploads\/2025\/02\/torba-thumb.jpg 937w, https:\/\/t-max.com.tr\/wp-content\/uploads\/2025\/02\/torba-thumb-300x167.jpg 300w, https:\/\/t-max.com.tr\/wp-content\/uploads\/2025\/02\/torba-thumb-768x427.jpg 768w\" sizes=\"100vw\" \/><\/a><\/figure><div class=\"elementor-image-box-content\"><h2 class=\"elementor-image-box-title\"><a href=\"https:\/\/t-max.com.tr\/en\/t-max-products\/bagomax-automatic-bag-opening-unloading\/bag-cutting-and-emptying-robot\/\">Bag Cutting and Emptying Robot<\/a><\/h2><\/div><\/div>\t\t\t\t<\/div>\n\t\t\t\t<\/div>\n\t\t\t\t\t<\/div>\n\t\t<\/div>\n\t\t\t\t<div class=\"elementor-column elementor-col-50 elementor-top-column elementor-element elementor-element-2cf0583\" data-id=\"2cf0583\" data-element_type=\"column\" data-e-type=\"column\">\n\t\t\t<div class=\"elementor-widget-wrap\">\n\t\t\t\t\t\t\t<\/div>\n\t\t<\/div>\n\t\t\t\t\t<\/div>\n\t\t<\/section>\n\t\t\t\t<section class=\"elementor-section elementor-top-section elementor-element elementor-element-9ff3b37 elementor-section-boxed elementor-section-height-default elementor-section-height-default\" data-id=\"9ff3b37\" data-element_type=\"section\" data-e-type=\"section\">\n\t\t\t\t\t\t<div class=\"elementor-container elementor-column-gap-default\">\n\t\t\t\t\t<div class=\"elementor-column elementor-col-100 elementor-top-column elementor-element elementor-element-6eca7e7\" data-id=\"6eca7e7\" data-element_type=\"column\" data-e-type=\"column\">\n\t\t\t<div class=\"elementor-widget-wrap elementor-element-populated\">\n\t\t\t\t\t\t<div class=\"elementor-element elementor-element-82b079d elementor-widget-divider--view-line elementor-widget elementor-widget-divider\" data-id=\"82b079d\" data-element_type=\"widget\" data-e-type=\"widget\" data-widget_type=\"divider.default\">\n\t\t\t\t<div class=\"elementor-widget-container\">\n\t\t\t\t\t\t\t<div class=\"elementor-divider\">\n\t\t\t<span class=\"elementor-divider-separator\">\n\t\t\t\t\t\t<\/span>\n\t\t<\/div>\n\t\t\t\t\t\t<\/div>\n\t\t\t\t<\/div>\n\t\t\t\t\t<\/div>\n\t\t<\/div>\n\t\t\t\t\t<\/div>\n\t\t<\/section>\n\t\t\t\t<section class=\"elementor-section elementor-top-section elementor-element elementor-element-02b788c elementor-section-full_width elementor-section-stretched elementor-section-height-default elementor-section-height-default\" data-id=\"02b788c\" data-element_type=\"section\" data-e-type=\"section\" data-settings=\"{&quot;stretch_section&quot;:&quot;section-stretched&quot;}\">\n\t\t\t\t\t\t<div class=\"elementor-container elementor-column-gap-default\">\n\t\t\t\t\t<div class=\"elementor-column elementor-col-100 elementor-top-column elementor-element elementor-element-be65337\" data-id=\"be65337\" data-element_type=\"column\" data-e-type=\"column\">\n\t\t\t<div class=\"elementor-widget-wrap elementor-element-populated\">\n\t\t\t\t\t\t<div class=\"elementor-element elementor-element-1c08004 elementor-widget-divider--view-line elementor-widget elementor-widget-divider\" data-id=\"1c08004\" data-element_type=\"widget\" data-e-type=\"widget\" data-widget_type=\"divider.default\">\n\t\t\t\t<div class=\"elementor-widget-container\">\n\t\t\t\t\t\t\t<div class=\"elementor-divider\">\n\t\t\t<span class=\"elementor-divider-separator\">\n\t\t\t\t\t\t<\/span>\n\t\t<\/div>\n\t\t\t\t\t\t<\/div>\n\t\t\t\t<\/div>\n\t\t\t\t\t<\/div>\n\t\t<\/div>\n\t\t\t\t\t<\/div>\n\t\t<\/section>\n\t\t\t\t<section class=\"elementor-section elementor-top-section elementor-element elementor-element-5460907 elementor-section-full_width elementor-section-height-default elementor-section-height-default\" data-id=\"5460907\" data-element_type=\"section\" data-e-type=\"section\" data-settings=\"{&quot;background_background&quot;:&quot;classic&quot;}\">\n\t\t\t\t\t\t<div class=\"elementor-container elementor-column-gap-default\">\n\t\t\t\t\t<div class=\"elementor-column elementor-col-25 elementor-top-column elementor-element elementor-element-48096d8\" data-id=\"48096d8\" data-element_type=\"column\" data-e-type=\"column\">\n\t\t\t<div class=\"elementor-widget-wrap elementor-element-populated\">\n\t\t\t\t\t\t<div class=\"elementor-element elementor-element-acb42ca elementor-widget elementor-widget-image\" data-id=\"acb42ca\" data-element_type=\"widget\" data-e-type=\"widget\" data-widget_type=\"image.default\">\n\t\t\t\t<div class=\"elementor-widget-container\">\n\t\t\t\t\t\t\t\t\t\t\t\t<figure class=\"wp-caption\">\n\t\t\t\t\t\t\t\t\t\t\t<a href=\"https:\/\/tepro.com.tr\">\n\t\t\t\t\t\t\t<img loading=\"lazy\" decoding=\"async\" width=\"140\" height=\"140\" src=\"https:\/\/t-max.com.tr\/wp-content\/uploads\/2025\/03\/tepro-logo-1.jpg\" class=\"attachment-full size-full wp-image-23995\" alt=\"\" srcset=\"https:\/\/t-max.com.tr\/wp-content\/uploads\/2025\/03\/tepro-logo-1.jpg 140w, https:\/\/t-max.com.tr\/wp-content\/uploads\/2025\/03\/tepro-logo-1-100x100.jpg 100w\" sizes=\"100vw\" \/>\t\t\t\t\t\t\t\t<\/a>\n\t\t\t\t\t\t\t\t\t\t\t<figcaption class=\"widget-image-caption wp-caption-text\">T-MAX is a TEPRO Machinery &amp; Automation Systems Brand<\/figcaption>\n\t\t\t\t\t\t\t\t\t\t<\/figure>\n\t\t\t\t\t\t\t\t\t<\/div>\n\t\t\t\t<\/div>\n\t\t\t\t\t<\/div>\n\t\t<\/div>\n\t\t\t\t<div class=\"elementor-column elementor-col-25 elementor-top-column elementor-element elementor-element-ac3883d\" data-id=\"ac3883d\" data-element_type=\"column\" data-e-type=\"column\">\n\t\t\t<div class=\"elementor-widget-wrap elementor-element-populated\">\n\t\t\t\t\t\t<div class=\"elementor-element elementor-element-b285ca4 elementor-widget elementor-widget-text-editor\" data-id=\"b285ca4\" data-element_type=\"widget\" data-e-type=\"widget\" data-widget_type=\"text-editor.default\">\n\t\t\t\t<div class=\"elementor-widget-container\">\n\t\t\t\t\t\t\t\t\t<p>| <strong>T-MAX PROCESS<\/strong><\/p><ul><li><a href=\"https:\/\/t-max.com.tr\/en\/t-max-corporate\/\">T-MAX Corporate<\/a><\/li><li><a href=\"https:\/\/t-max.com.tr\/en\/after-sales\/\"><span style=\"letter-spacing: 0.02rem; font-size: 1rem;\">After Sales<\/span><\/a><\/li><li><a href=\"https:\/\/t-max.com.tr\/en\/contact\/\"><span style=\"letter-spacing: 0.02rem; font-size: 1rem;\">Contact Us<\/span><\/a><\/li><li><a href=\"https:\/\/t-max.com.tr\/en\/t-max-corporate\/customer-complaint-form\/\">Customer Complaint Form<\/a><\/li><li><a href=\"https:\/\/t-max.com.tr\/en\/t-max-corporate\/customer-satisfaction-and-expectations-survey\/\">Customer Satisfaction And Expectations Survey <\/a><\/li><\/ul>\t\t\t\t\t\t\t\t<\/div>\n\t\t\t\t<\/div>\n\t\t\t\t\t<\/div>\n\t\t<\/div>\n\t\t\t\t<div class=\"elementor-column elementor-col-25 elementor-top-column elementor-element elementor-element-376973f\" data-id=\"376973f\" data-element_type=\"column\" data-e-type=\"column\">\n\t\t\t<div class=\"elementor-widget-wrap elementor-element-populated\">\n\t\t\t\t\t\t<div class=\"elementor-element elementor-element-75f92c9 elementor-widget elementor-widget-text-editor\" data-id=\"75f92c9\" data-element_type=\"widget\" data-e-type=\"widget\" data-widget_type=\"text-editor.default\">\n\t\t\t\t<div class=\"elementor-widget-container\">\n\t\t\t\t\t\t\t\t\t<p><strong>| OUR PRODUCTS<\/strong><\/p><ul><li><a href=\"https:\/\/t-max.com.tr\/en\/t-max-products\/loading-feeding-and-transport-units\/\">Loading, Feeding And Transport Units<\/a><\/li><li><a href=\"https:\/\/t-max.com.tr\/en\/t-max-products\/raw-material-drying-units\/\">Raw Material Drying Units<\/a><\/li><li><a href=\"https:\/\/t-max.com.tr\/en\/t-max-products\/crushing-and-recycling-machines\/\">Crushing And Recycling Machines<\/a><\/li><li><a href=\"https:\/\/t-max.com.tr\/en\/t-max-products\/\">\u2192 All Product Categories<\/a><\/li><\/ul>\t\t\t\t\t\t\t\t<\/div>\n\t\t\t\t<\/div>\n\t\t\t\t\t<\/div>\n\t\t<\/div>\n\t\t\t\t<div class=\"elementor-column elementor-col-25 elementor-top-column elementor-element elementor-element-4219fee\" data-id=\"4219fee\" data-element_type=\"column\" data-e-type=\"column\">\n\t\t\t<div class=\"elementor-widget-wrap elementor-element-populated\">\n\t\t\t\t\t\t<div class=\"elementor-element elementor-element-9b1f6b7 elementor-widget elementor-widget-text-editor\" data-id=\"9b1f6b7\" data-element_type=\"widget\" data-e-type=\"widget\" data-widget_type=\"text-editor.default\">\n\t\t\t\t<div class=\"elementor-widget-container\">\n\t\t\t\t\t\t\t\t\t<p><strong>| CONTACT<\/strong><\/p><p><a>\u0130n\u00f6n\u00fc Mahallesi G\u00fczeller Organize San. B\u00f6lgesi, Nursultan Nazarbayev Sok. No.14, 41400 Gebze\/Kocaeli<\/a><\/p><p><strong>Phone :<\/strong> <a href=\"tel:+902167092600\"><span class=\"con-text\">+90 216 709 26 00 <\/span><\/a><\/p><p><strong>Email :<\/strong> \u00a0<a href=\"mailto:info@t-max.com.tr\"><span class=\"con-text\">info@t-max.com.tr<\/span><\/a><\/p>\t\t\t\t\t\t\t\t<\/div>\n\t\t\t\t<\/div>\n\t\t\t\t<div class=\"elementor-element elementor-element-a8c1455 e-grid-align-left elementor-shape-rounded elementor-grid-0 elementor-widget elementor-widget-social-icons\" data-id=\"a8c1455\" data-element_type=\"widget\" data-e-type=\"widget\" data-widget_type=\"social-icons.default\">\n\t\t\t\t<div class=\"elementor-widget-container\">\n\t\t\t\t\t\t\t<div class=\"elementor-social-icons-wrapper elementor-grid\" role=\"list\">\n\t\t\t\t\t\t\t<span class=\"elementor-grid-item\" role=\"listitem\">\n\t\t\t\t\t<a class=\"elementor-icon elementor-social-icon elementor-social-icon-instagram elementor-repeater-item-8a2d6da\" href=\"https:\/\/www.instagram.com\/tmaxmakine\/\" target=\"_blank\">\n\t\t\t\t\t\t<span class=\"elementor-screen-only\">Instagram<\/span>\n\t\t\t\t\t\t<i aria-hidden=\"true\" class=\"fab fa-instagram\"><\/i>\t\t\t\t\t<\/a>\n\t\t\t\t<\/span>\n\t\t\t\t\t\t\t<span class=\"elementor-grid-item\" role=\"listitem\">\n\t\t\t\t\t<a class=\"elementor-icon elementor-social-icon elementor-social-icon-linkedin elementor-repeater-item-89b3b0d\" href=\"https:\/\/www.linkedin.com\/company\/78628982\/\" target=\"_blank\">\n\t\t\t\t\t\t<span class=\"elementor-screen-only\">Linkedin<\/span>\n\t\t\t\t\t\t<i aria-hidden=\"true\" class=\"fab fa-linkedin\"><\/i>\t\t\t\t\t<\/a>\n\t\t\t\t<\/span>\n\t\t\t\t\t<\/div>\n\t\t\t\t\t\t<\/div>\n\t\t\t\t<\/div>\n\t\t\t\t\t<\/div>\n\t\t<\/div>\n\t\t\t\t\t<\/div>\n\t\t<\/section>\n\t\t\t\t<section class=\"elementor-section elementor-top-section elementor-element elementor-element-9c9000a elementor-section-full_width elementor-section-stretched elementor-section-height-default elementor-section-height-default\" data-id=\"9c9000a\" data-element_type=\"section\" data-e-type=\"section\" data-settings=\"{&quot;stretch_section&quot;:&quot;section-stretched&quot;}\">\n\t\t\t\t\t\t<div class=\"elementor-container elementor-column-gap-default\">\n\t\t\t\t\t<div class=\"elementor-column elementor-col-100 elementor-top-column elementor-element elementor-element-8ea5c44\" data-id=\"8ea5c44\" data-element_type=\"column\" data-e-type=\"column\">\n\t\t\t<div class=\"elementor-widget-wrap elementor-element-populated\">\n\t\t\t\t\t\t<div class=\"elementor-element elementor-element-9d903d7 elementor-widget-divider--view-line elementor-widget elementor-widget-divider\" data-id=\"9d903d7\" data-element_type=\"widget\" data-e-type=\"widget\" data-widget_type=\"divider.default\">\n\t\t\t\t<div class=\"elementor-widget-container\">\n\t\t\t\t\t\t\t<div class=\"elementor-divider\">\n\t\t\t<span class=\"elementor-divider-separator\">\n\t\t\t\t\t\t<\/span>\n\t\t<\/div>\n\t\t\t\t\t\t<\/div>\n\t\t\t\t<\/div>\n\t\t\t\t\t<\/div>\n\t\t<\/div>\n\t\t\t\t\t<\/div>\n\t\t<\/section>\n\t\t\t\t<\/div>\n\t\t","protected":false},"excerpt":{"rendered":"<p>T-MAX Products Bagomax Automatic Bag Opening \/ Emptying Bagomax Automatic Bag Opening \/ Emptying Bag Opening and Emptying Machine Bag Opening and Emptying Machine Bag Cutting and Emptying Robot T-MAX is a TEPRO Machinery &amp; Automation Systems Brand | T-MAX PROCESS T-MAX Corporate After Sales Contact Us Customer Complaint Form Customer Satisfaction And Expectations Survey [&hellip;]<\/p>\n","protected":false},"author":1,"featured_media":0,"parent":17015,"menu_order":0,"comment_status":"closed","ping_status":"closed","template":"","meta":{"_acf_changed":false,"footnotes":""},"class_list":["post-17073","page","type-page","status-publish","hentry"],"acf":[],"aioseo_notices":[],"_links":{"self":[{"href":"https:\/\/t-max.com.tr\/en\/wp-json\/wp\/v2\/pages\/17073","targetHints":{"allow":["GET"]}}],"collection":[{"href":"https:\/\/t-max.com.tr\/en\/wp-json\/wp\/v2\/pages"}],"about":[{"href":"https:\/\/t-max.com.tr\/en\/wp-json\/wp\/v2\/types\/page"}],"author":[{"embeddable":true,"href":"https:\/\/t-max.com.tr\/en\/wp-json\/wp\/v2\/users\/1"}],"replies":[{"embeddable":true,"href":"https:\/\/t-max.com.tr\/en\/wp-json\/wp\/v2\/comments?post=17073"}],"version-history":[{"count":4,"href":"https:\/\/t-max.com.tr\/en\/wp-json\/wp\/v2\/pages\/17073\/revisions"}],"predecessor-version":[{"id":25241,"href":"https:\/\/t-max.com.tr\/en\/wp-json\/wp\/v2\/pages\/17073\/revisions\/25241"}],"up":[{"embeddable":true,"href":"https:\/\/t-max.com.tr\/en\/wp-json\/wp\/v2\/pages\/17015"}],"wp:attachment":[{"href":"https:\/\/t-max.com.tr\/en\/wp-json\/wp\/v2\/media?parent=17073"}],"curies":[{"name":"wp","href":"https:\/\/api.w.org\/{rel}","templated":true}]}}