{"id":17190,"date":"2024-01-24T15:36:42","date_gmt":"2024-01-24T12:36:42","guid":{"rendered":"https:\/\/t-max.com.tr\/t-max-products\/crushing-and-recycling-machines\/screenless-crushers\/"},"modified":"2025-07-01T16:11:57","modified_gmt":"2025-07-01T13:11:57","slug":"blade-crushers","status":"publish","type":"page","link":"https:\/\/t-max.com.tr\/en\/t-max-products\/crushing-and-recycling-machines\/blade-crushers\/","title":{"rendered":"Blade Crushers"},"content":{"rendered":"\t\t<div data-elementor-type=\"wp-page\" data-elementor-id=\"17190\" class=\"elementor elementor-17190 elementor-10128\" data-elementor-post-type=\"page\">\n\t\t\t\t\t\t<section class=\"elementor-section elementor-top-section elementor-element elementor-element-c56af9d elementor-section-boxed elementor-section-height-default elementor-section-height-default\" data-id=\"c56af9d\" data-element_type=\"section\" data-e-type=\"section\">\n\t\t\t\t\t\t<div class=\"elementor-container elementor-column-gap-default\">\n\t\t\t\t\t<div class=\"elementor-column elementor-col-100 elementor-top-column elementor-element elementor-element-8f5c1a5\" data-id=\"8f5c1a5\" data-element_type=\"column\" data-e-type=\"column\">\n\t\t\t<div class=\"elementor-widget-wrap elementor-element-populated\">\n\t\t\t\t\t\t<div class=\"elementor-element elementor-element-dec3dad elementor-widget elementor-widget-heading\" data-id=\"dec3dad\" data-element_type=\"widget\" data-e-type=\"widget\" data-widget_type=\"heading.default\">\n\t\t\t\t<div class=\"elementor-widget-container\">\n\t\t\t\t\t<h1 class=\"elementor-heading-title elementor-size-default\"> Low Speed Plastic Materials Blade Crushers &amp; Grinders<\/h1>\t\t\t\t<\/div>\n\t\t\t\t<\/div>\n\t\t\t\t\t<\/div>\n\t\t<\/div>\n\t\t\t\t\t<\/div>\n\t\t<\/section>\n\t\t\t\t<section class=\"elementor-section elementor-top-section elementor-element elementor-element-1b7db2c elementor-section-boxed elementor-section-height-default elementor-section-height-default\" data-id=\"1b7db2c\" data-element_type=\"section\" data-e-type=\"section\">\n\t\t\t\t\t\t<div class=\"elementor-container elementor-column-gap-default\">\n\t\t\t\t\t<div class=\"elementor-column elementor-col-100 elementor-top-column elementor-element elementor-element-609d79a\" data-id=\"609d79a\" data-element_type=\"column\" data-e-type=\"column\">\n\t\t\t<div class=\"elementor-widget-wrap elementor-element-populated\">\n\t\t\t\t\t\t<div class=\"elementor-element elementor-element-68c09a6 elementor-widget elementor-widget-spacer\" data-id=\"68c09a6\" data-element_type=\"widget\" data-e-type=\"widget\" data-widget_type=\"spacer.default\">\n\t\t\t\t<div class=\"elementor-widget-container\">\n\t\t\t\t\t\t\t<div class=\"elementor-spacer\">\n\t\t\t<div class=\"elementor-spacer-inner\"><\/div>\n\t\t<\/div>\n\t\t\t\t\t\t<\/div>\n\t\t\t\t<\/div>\n\t\t\t\t<div class=\"elementor-element elementor-element-ce67253 elementor-widget elementor-widget-text-editor\" data-id=\"ce67253\" data-element_type=\"widget\" data-e-type=\"widget\" data-widget_type=\"text-editor.default\">\n\t\t\t\t<div class=\"elementor-widget-container\">\n\t\t\t\t\t\t\t\t\t<ul><li class=\"p1\">TG 26 &#8211; 18 \/ 27 \/ 36 Series crushers operate at low speeds to evenly shred materials.<\/li><li class=\"p1\">They generate minimal dust during the crushing process and ensure high efficiency with multiple safety options.<\/li><li class=\"p1\">They are suitable for hard parts and runners.<\/li><\/ul>\t\t\t\t\t\t\t\t<\/div>\n\t\t\t\t<\/div>\n\t\t\t\t<div class=\"elementor-element elementor-element-0ebf1f5 elementor-widget elementor-widget-spacer\" data-id=\"0ebf1f5\" data-element_type=\"widget\" data-e-type=\"widget\" data-widget_type=\"spacer.default\">\n\t\t\t\t<div class=\"elementor-widget-container\">\n\t\t\t\t\t\t\t<div class=\"elementor-spacer\">\n\t\t\t<div class=\"elementor-spacer-inner\"><\/div>\n\t\t<\/div>\n\t\t\t\t\t\t<\/div>\n\t\t\t\t<\/div>\n\t\t\t\t<div class=\"elementor-element elementor-element-d695942 elementor-widget elementor-widget-text-editor\" data-id=\"d695942\" data-element_type=\"widget\" data-e-type=\"widget\" data-widget_type=\"text-editor.default\">\n\t\t\t\t<div class=\"elementor-widget-container\">\n\t\t\t\t\t\t\t\t\t<h2 class=\"p1\"><span style=\"font-size: 30px;\"><strong>FEATURES<\/strong><\/span><\/h2><ul><li class=\"p1\">Crushers with consistent performance, long service life, and high torque characteristics.<\/li><li class=\"p1\">Crushing blades are integrated onto a single rotor.<\/li><li class=\"p1\">For cleaning and maintenance, there is a compact and easily accessible transparent PC feeding hopper.<\/li><li class=\"p1\">Minimal dust production.<\/li><\/ul>\t\t\t\t\t\t\t\t<\/div>\n\t\t\t\t<\/div>\n\t\t\t\t<div class=\"elementor-element elementor-element-e8d1945 elementor-tabs-view-horizontal elementor-widget elementor-widget-tabs\" data-id=\"e8d1945\" data-element_type=\"widget\" data-e-type=\"widget\" data-widget_type=\"tabs.default\">\n\t\t\t\t<div class=\"elementor-widget-container\">\n\t\t\t\t\t\t\t<div class=\"elementor-tabs\">\n\t\t\t<div class=\"elementor-tabs-wrapper\" role=\"tablist\" >\n\t\t\t\t\t\t\t\t\t<div id=\"elementor-tab-title-2441\" class=\"elementor-tab-title elementor-tab-desktop-title\" aria-selected=\"true\" data-tab=\"1\" role=\"tab\" tabindex=\"0\" aria-controls=\"elementor-tab-content-2441\" aria-expanded=\"false\">Request Technical Information<\/div>\n\t\t\t\t\t\t\t<\/div>\n\t\t\t<div class=\"elementor-tabs-content-wrapper\" role=\"tablist\" aria-orientation=\"vertical\">\n\t\t\t\t\t\t\t\t\t<div class=\"elementor-tab-title elementor-tab-mobile-title\" aria-selected=\"true\" data-tab=\"1\" role=\"tab\" tabindex=\"0\" aria-controls=\"elementor-tab-content-2441\" aria-expanded=\"false\">Request Technical Information<\/div>\n\t\t\t\t\t<div id=\"elementor-tab-content-2441\" class=\"elementor-tab-content elementor-clearfix\" data-tab=\"1\" role=\"tabpanel\" aria-labelledby=\"elementor-tab-title-2441\" tabindex=\"0\" hidden=\"false\"><p class=\"p1\"><em><span style=\"font-size: 12px;\">To receive more detailed technical information about the product, please fill out the form below.<\/span><\/em><\/p><div id=\"quform-9e27cd\" class=\"quform quform-32 quform-theme-minimal quform-support-page-caching\"><form id=\"quform-form-9e27cd\" class=\"quform-form quform-form-32\" action=\"\/en\/wp-json\/wp\/v2\/pages\/17190#quform-9e27cd\" method=\"post\" enctype=\"multipart\/form-data\" novalidate=\"novalidate\" data-options=\"{&quot;id&quot;:32,&quot;uniqueId&quot;:&quot;9e27cd&quot;,&quot;theme&quot;:&quot;minimal&quot;,&quot;ajax&quot;:true,&quot;logic&quot;:{&quot;logic&quot;:[],&quot;dependents&quot;:[],&quot;elementIds&quot;:[],&quot;dependentElementIds&quot;:[],&quot;animate&quot;:true},&quot;currentPageId&quot;:1,&quot;errorsIcon&quot;:&quot;&quot;,&quot;updateFancybox&quot;:true,&quot;hasPages&quot;:false,&quot;pages&quot;:[1],&quot;pageProgressType&quot;:&quot;numbers&quot;,&quot;tooltipsEnabled&quot;:true,&quot;tooltipClasses&quot;:&quot;qtip-quform-dark qtip-shadow&quot;,&quot;tooltipMy&quot;:&quot;left center&quot;,&quot;tooltipAt&quot;:&quot;right center&quot;,&quot;isRtl&quot;:false,&quot;scrollOffset&quot;:-50,&quot;scrollSpeed&quot;:800}\"><button class=\"quform-default-submit\" name=\"quform_submit\" type=\"submit\" value=\"submit\" aria-hidden=\"true\" tabindex=\"-1\"><\/button><div class=\"quform-form-inner quform-form-inner-32\"><input type=\"hidden\" name=\"quform_form_id\" value=\"32\" \/><input type=\"hidden\" name=\"quform_form_uid\" value=\"9e27cd\" \/><input type=\"hidden\" name=\"quform_count\" value=\"1\" \/><input type=\"hidden\" name=\"form_url\" value=\"https:\/\/t-max.com.tr\/en\/wp-json\/wp\/v2\/pages\/17190\" \/><input type=\"hidden\" name=\"referring_url\" value=\"\" \/><input type=\"hidden\" name=\"post_id\" value=\"\" \/><input type=\"hidden\" name=\"post_title\" value=\"\" \/><input type=\"hidden\" name=\"quform_current_page_id\" value=\"1\" \/><input type=\"hidden\" name=\"quform_loaded\" value=\"1775471423|cc0f670b966864599383de018ceff890\" \/><input type=\"hidden\" name=\"quform_csrf_token\" value=\"NLcIL9e1qbzVGRbRzRaej3UcB19xURqXsO8Fl6xZ\" \/><div class=\"quform-elements quform-elements-32 quform-cf quform-responsive-elements-phone-landscape\"><div class=\"quform-element quform-element-page quform-page-1 quform-page-32_1 quform-cf quform-group-style-plain quform-first-page quform-last-page quform-current-page\"><div class=\"quform-child-elements\"><div class=\"quform-element quform-element-text quform-element-32_3 quform-cf quform-labels-inside quform-element-required\"><div class=\"quform-spacer\"><div class=\"quform-label quform-label-32_3\"><label class=\"quform-label-text\" for=\"quform_32_3_9e27cd\">Name Surname<span class=\"quform-required\">*<\/span><\/label><\/div><div class=\"quform-inner quform-inner-text quform-inner-32_3 quform-field-size-fat\"><div class=\"quform-input quform-input-text quform-input-32_3 quform-cf\"><input type=\"text\" id=\"quform_32_3_9e27cd\" name=\"quform_32_3\" class=\"quform-field quform-field-text quform-field-32_3\" \/><\/div><\/div><\/div><\/div><div class=\"quform-element quform-element-text quform-element-32_4 quform-cf quform-labels-inside quform-element-optional\"><div class=\"quform-spacer\"><div class=\"quform-label quform-label-32_4\"><label class=\"quform-label-text\" for=\"quform_32_4_9e27cd\">Phone Number<\/label><\/div><div class=\"quform-inner quform-inner-text quform-inner-32_4 quform-field-size-fat\"><div class=\"quform-input quform-input-text quform-input-32_4 quform-cf\"><input type=\"text\" id=\"quform_32_4_9e27cd\" name=\"quform_32_4\" class=\"quform-field quform-field-text quform-field-32_4\" \/><\/div><\/div><\/div><\/div><div class=\"quform-element quform-element-textarea quform-element-32_950436 quform-sr-only quform-cf\" style=\"clip: rect(1px, 1px, 1px, 1px); clip-path: inset(50%); position: absolute !important; height: 1px; width: 1px; overflow: hidden;\"><div class=\"quform-spacer\"><div class=\"quform-label quform-label-32_950436\"><label class=\"quform-label-text\" for=\"quform_32_950436_9e27cd\">Contact Email<span class=\"quform-required\">*<\/span><\/label><\/div><div class=\"quform-inner quform-inner-32_950436\"><textarea id=\"quform_32_950436_9e27cd\" name=\"quform_32_950436\" class=\"quform-field quform-field-textarea quform-field-32_950436\" tabindex=\"-1\" autocomplete=\"new-password\"><\/textarea><\/div><\/div><\/div><div class=\"quform-element quform-element-email quform-element-32_5 quform-cf quform-labels-inside quform-element-required\"><div class=\"quform-spacer\"><div class=\"quform-label quform-label-32_5\"><label class=\"quform-label-text\" for=\"quform_32_5_9e27cd\">E-mail<span class=\"quform-required\">*<\/span><\/label><\/div><div class=\"quform-inner quform-inner-email quform-inner-32_5 quform-field-size-fat\"><div class=\"quform-input quform-input-email quform-input-32_5 quform-cf\"><input type=\"email\" id=\"quform_32_5_9e27cd\" name=\"quform_32_5\" class=\"quform-field quform-field-email quform-field-32_5\" \/><\/div><\/div><\/div><\/div><div class=\"quform-element quform-element-recaptcha quform-element-32_22 quform-cf quform-element-required\"><div class=\"quform-spacer\"><div class=\"quform-inner quform-inner-recaptcha quform-inner-32_22 quform-field-size-fat\"><div class=\"quform-input quform-input-recaptcha quform-input-32_22 quform-cf\"><div class=\"quform-recaptcha\" data-config=\"{&quot;sitekey&quot;:&quot;6LdUfHApAAAAAIGHSkKxiPHtkhZ0JCmgJGgmGf4Z&quot;,&quot;_version&quot;:&quot;v2&quot;,&quot;size&quot;:&quot;normal&quot;,&quot;type&quot;:&quot;image&quot;,&quot;theme&quot;:&quot;light&quot;,&quot;badge&quot;:&quot;bottomright&quot;}\"><\/div><noscript><div><div style=\"width: 302px; height: 422px; position: relative;\"><div style=\"width: 302px; height: 422px; position: absolute;\"><iframe src=\"https:\/\/www.google.com\/recaptcha\/api\/fallback?k=6LdUfHApAAAAAIGHSkKxiPHtkhZ0JCmgJGgmGf4Z\" frameborder=\"0\" scrolling=\"no\" style=\"width: 302px; height:422px; border-style: none;\"><\/iframe><\/div><\/div><div style=\"width: 300px; height: 60px; border-style: none; bottom: 12px; left: 25px; margin: 0px; padding: 0px; right: 25px; background: #f9f9f9; border: 1px solid #c1c1c1; border-radius: 3px;\"><textarea name=\"g-recaptcha-response\" class=\"g-recaptcha-response\" style=\"width: 250px; height: 40px; border: 1px solid #c1c1c1; margin: 10px 25px; padding: 0px; resize: none;\" aria-hidden=\"true\"><\/textarea><\/div><\/div><\/noscript><\/div><\/div><\/div><\/div><div class=\"quform-element quform-element-submit quform-element-32_2 quform-cf quform-button-style-theme quform-button-size-fat quform-button-width-large\"><div class=\"quform-button-submit quform-button-submit-default quform-button-submit-32_2\"><button name=\"quform_submit\" type=\"submit\" class=\"quform-submit\" value=\"submit\"><span class=\"quform-button-text quform-button-submit-text\">Send<\/span><\/button><\/div><div class=\"quform-loading quform-loading-position-left quform-loading-type-spinner-1\"><div class=\"quform-loading-inner\"><div class=\"quform-loading-spinner\"><div class=\"quform-loading-spinner-inner\"><\/div><\/div><\/div><\/div><\/div><\/div><\/div><\/div><\/div><\/form><\/div><\/div>\n\t\t\t\t\t\t\t<\/div>\n\t\t<\/div>\n\t\t\t\t\t\t<\/div>\n\t\t\t\t<\/div>\n\t\t\t\t<div class=\"elementor-element elementor-element-1b687f8 elementor-widget elementor-widget-spacer\" data-id=\"1b687f8\" data-element_type=\"widget\" data-e-type=\"widget\" data-widget_type=\"spacer.default\">\n\t\t\t\t<div class=\"elementor-widget-container\">\n\t\t\t\t\t\t\t<div class=\"elementor-spacer\">\n\t\t\t<div class=\"elementor-spacer-inner\"><\/div>\n\t\t<\/div>\n\t\t\t\t\t\t<\/div>\n\t\t\t\t<\/div>\n\t\t\t\t<div class=\"elementor-element elementor-element-bb84840 elementor-cta--layout-image-above elementor-cta--skin-classic elementor-animated-content elementor-bg-transform elementor-bg-transform-zoom-in elementor-widget elementor-widget-call-to-action\" data-id=\"bb84840\" data-element_type=\"widget\" data-e-type=\"widget\" data-widget_type=\"call-to-action.default\">\n\t\t\t\t<div class=\"elementor-widget-container\">\n\t\t\t\t\t\t\t<a class=\"elementor-cta\" href=\"https:\/\/t-max.com.tr\/en\/contact\/\">\n\t\t\t\t\t<div class=\"elementor-cta__bg-wrapper\">\n\t\t\t\t<div class=\"elementor-cta__bg elementor-bg\" style=\"background-image: url(https:\/\/t-max.com.tr\/wp-content\/uploads\/2024\/09\/satis-temsilcilerimiz.jpg);\" role=\"img\" aria-label=\"#image_title\"><\/div>\n\t\t\t\t<div class=\"elementor-cta__bg-overlay\"><\/div>\n\t\t\t<\/div>\n\t\t\t\t\t\t\t<div class=\"elementor-cta__content\">\n\t\t\t\t\t\t\t\t\t<div class=\"elementor-content-item elementor-cta__content-item elementor-icon-wrapper elementor-cta__icon elementor-view-default\">\n\t\t\t\t\t\t<div class=\"elementor-icon\">\n\t\t\t\t\t\t\t<i aria-hidden=\"true\" class=\"fas fa-phone-alt\"><\/i>\t\t\t\t\t\t<\/div>\n\t\t\t\t\t<\/div>\n\t\t\t\t\n\t\t\t\t\t\t\t\t\t<div class=\"elementor-cta__title elementor-cta__content-item elementor-content-item\">\n\t\t\t\t\t\tConsult with Our <br>Sales Representatives <br>\t\t\t\t\t<\/div>\n\t\t\t\t\n\t\t\t\t\t\t\t\t\t<div class=\"elementor-cta__description elementor-cta__content-item elementor-content-item\">\n\t\t\t\t\t\tWe are just a phone call away. For more detailed information about our products<br> please call us.\t\t\t\t\t<\/div>\n\t\t\t\t\n\t\t\t\t\t\t\t\t\t<div class=\"elementor-cta__button-wrapper elementor-cta__content-item elementor-content-item \">\n\t\t\t\t\t<span class=\"elementor-cta__button elementor-button elementor-size-\">\n\t\t\t\t\t\t+90 216 709 26 00\t\t\t\t\t<\/span>\n\t\t\t\t\t<\/div>\n\t\t\t\t\t\t\t<\/div>\n\t\t\t\t\t\t<\/a>\n\t\t\t\t\t\t<\/div>\n\t\t\t\t<\/div>\n\t\t\t\t\t<\/div>\n\t\t<\/div>\n\t\t\t\t\t<\/div>\n\t\t<\/section>\n\t\t\t\t<section class=\"elementor-section elementor-top-section elementor-element elementor-element-13639e7 elementor-section-boxed elementor-section-height-default elementor-section-height-default\" data-id=\"13639e7\" data-element_type=\"section\" data-e-type=\"section\">\n\t\t\t\t\t\t<div class=\"elementor-container elementor-column-gap-default\">\n\t\t\t\t\t<div class=\"elementor-column elementor-col-100 elementor-top-column elementor-element elementor-element-c25aa05\" data-id=\"c25aa05\" data-element_type=\"column\" data-e-type=\"column\">\n\t\t\t<div class=\"elementor-widget-wrap\">\n\t\t\t\t\t\t\t<\/div>\n\t\t<\/div>\n\t\t\t\t\t<\/div>\n\t\t<\/section>\n\t\t\t\t<section class=\"elementor-section elementor-top-section elementor-element elementor-element-76a3909 elementor-section-full_width elementor-section-stretched elementor-section-height-default elementor-section-height-default\" data-id=\"76a3909\" data-element_type=\"section\" data-e-type=\"section\" data-settings=\"{&quot;stretch_section&quot;:&quot;section-stretched&quot;}\">\n\t\t\t\t\t\t<div class=\"elementor-container elementor-column-gap-default\">\n\t\t\t\t\t<div class=\"elementor-column elementor-col-100 elementor-top-column elementor-element elementor-element-8bc93d2\" data-id=\"8bc93d2\" data-element_type=\"column\" data-e-type=\"column\">\n\t\t\t<div class=\"elementor-widget-wrap elementor-element-populated\">\n\t\t\t\t\t\t<div class=\"elementor-element elementor-element-4ddba61 elementor-widget-divider--view-line elementor-widget elementor-widget-divider\" data-id=\"4ddba61\" data-element_type=\"widget\" data-e-type=\"widget\" data-widget_type=\"divider.default\">\n\t\t\t\t<div class=\"elementor-widget-container\">\n\t\t\t\t\t\t\t<div class=\"elementor-divider\">\n\t\t\t<span class=\"elementor-divider-separator\">\n\t\t\t\t\t\t<\/span>\n\t\t<\/div>\n\t\t\t\t\t\t<\/div>\n\t\t\t\t<\/div>\n\t\t\t\t\t<\/div>\n\t\t<\/div>\n\t\t\t\t\t<\/div>\n\t\t<\/section>\n\t\t\t\t<section class=\"elementor-section elementor-top-section elementor-element elementor-element-f910491 elementor-section-full_width elementor-section-height-default elementor-section-height-default\" data-id=\"f910491\" data-element_type=\"section\" data-e-type=\"section\" data-settings=\"{&quot;background_background&quot;:&quot;classic&quot;}\">\n\t\t\t\t\t\t<div class=\"elementor-container elementor-column-gap-default\">\n\t\t\t\t\t<div class=\"elementor-column elementor-col-25 elementor-top-column elementor-element elementor-element-b84bae7\" data-id=\"b84bae7\" data-element_type=\"column\" data-e-type=\"column\">\n\t\t\t<div class=\"elementor-widget-wrap elementor-element-populated\">\n\t\t\t\t\t\t<div class=\"elementor-element elementor-element-b1259e4 elementor-widget elementor-widget-image\" data-id=\"b1259e4\" data-element_type=\"widget\" data-e-type=\"widget\" data-widget_type=\"image.default\">\n\t\t\t\t<div class=\"elementor-widget-container\">\n\t\t\t\t\t\t\t\t\t\t\t\t<figure class=\"wp-caption\">\n\t\t\t\t\t\t\t\t\t\t\t<a href=\"https:\/\/tepro.com.tr\">\n\t\t\t\t\t\t\t<img decoding=\"async\" width=\"140\" height=\"140\" src=\"https:\/\/t-max.com.tr\/wp-content\/uploads\/2025\/03\/tepro-logo-1.jpg\" class=\"attachment-full size-full wp-image-23995\" alt=\"\" srcset=\"https:\/\/t-max.com.tr\/wp-content\/uploads\/2025\/03\/tepro-logo-1.jpg 140w, https:\/\/t-max.com.tr\/wp-content\/uploads\/2025\/03\/tepro-logo-1-100x100.jpg 100w\" sizes=\"100vw\" \/>\t\t\t\t\t\t\t\t<\/a>\n\t\t\t\t\t\t\t\t\t\t\t<figcaption class=\"widget-image-caption wp-caption-text\">T-MAX is a TEPRO Machinery &amp; Automation Systems Brand<\/figcaption>\n\t\t\t\t\t\t\t\t\t\t<\/figure>\n\t\t\t\t\t\t\t\t\t<\/div>\n\t\t\t\t<\/div>\n\t\t\t\t\t<\/div>\n\t\t<\/div>\n\t\t\t\t<div class=\"elementor-column elementor-col-25 elementor-top-column elementor-element elementor-element-337559a\" data-id=\"337559a\" data-element_type=\"column\" data-e-type=\"column\">\n\t\t\t<div class=\"elementor-widget-wrap elementor-element-populated\">\n\t\t\t\t\t\t<div class=\"elementor-element elementor-element-c4558a7 elementor-widget elementor-widget-text-editor\" data-id=\"c4558a7\" data-element_type=\"widget\" data-e-type=\"widget\" data-widget_type=\"text-editor.default\">\n\t\t\t\t<div class=\"elementor-widget-container\">\n\t\t\t\t\t\t\t\t\t<p>| <strong>T-MAX PROCESS<\/strong><\/p><ul><li><a href=\"https:\/\/t-max.com.tr\/en\/t-max-corporate\/\">T-MAX Corporate<\/a><\/li><li><a href=\"https:\/\/t-max.com.tr\/en\/after-sales\/\"><span style=\"letter-spacing: 0.02rem; font-size: 1rem;\">After Sales<\/span><\/a><\/li><li><a href=\"https:\/\/t-max.com.tr\/en\/contact\/\"><span style=\"letter-spacing: 0.02rem; font-size: 1rem;\">Contact Us<\/span><\/a><\/li><li><a href=\"https:\/\/t-max.com.tr\/en\/t-max-corporate\/customer-complaint-form\/\">Customer Complaint Form<\/a><\/li><li><a href=\"https:\/\/t-max.com.tr\/en\/t-max-corporate\/customer-satisfaction-and-expectations-survey\/\">Customer Satisfaction And Expectations Survey <\/a><\/li><\/ul>\t\t\t\t\t\t\t\t<\/div>\n\t\t\t\t<\/div>\n\t\t\t\t\t<\/div>\n\t\t<\/div>\n\t\t\t\t<div class=\"elementor-column elementor-col-25 elementor-top-column elementor-element elementor-element-1ea1a1d\" data-id=\"1ea1a1d\" data-element_type=\"column\" data-e-type=\"column\">\n\t\t\t<div class=\"elementor-widget-wrap elementor-element-populated\">\n\t\t\t\t\t\t<div class=\"elementor-element elementor-element-2027cb0 elementor-widget elementor-widget-text-editor\" data-id=\"2027cb0\" data-element_type=\"widget\" data-e-type=\"widget\" data-widget_type=\"text-editor.default\">\n\t\t\t\t<div class=\"elementor-widget-container\">\n\t\t\t\t\t\t\t\t\t<p><strong>| OUR PRODUCTS<\/strong><\/p><ul><li><a href=\"https:\/\/t-max.com.tr\/en\/t-max-products\/loading-feeding-and-transport-units\/\">Loading, Feeding And Transport Units<\/a><\/li><li><a href=\"https:\/\/t-max.com.tr\/en\/t-max-products\/raw-material-drying-units\/\">Raw Material Drying Units<\/a><\/li><li><a href=\"https:\/\/t-max.com.tr\/en\/t-max-products\/crushing-and-recycling-machines\/\">Crushing And Recycling Machines<\/a><\/li><li><a href=\"https:\/\/t-max.com.tr\/en\/t-max-products\/\">\u2192 All Product Categories<\/a><\/li><\/ul>\t\t\t\t\t\t\t\t<\/div>\n\t\t\t\t<\/div>\n\t\t\t\t\t<\/div>\n\t\t<\/div>\n\t\t\t\t<div class=\"elementor-column elementor-col-25 elementor-top-column elementor-element elementor-element-39b1e91\" data-id=\"39b1e91\" data-element_type=\"column\" data-e-type=\"column\">\n\t\t\t<div class=\"elementor-widget-wrap elementor-element-populated\">\n\t\t\t\t\t\t<div class=\"elementor-element elementor-element-b472db0 elementor-widget elementor-widget-text-editor\" data-id=\"b472db0\" data-element_type=\"widget\" data-e-type=\"widget\" data-widget_type=\"text-editor.default\">\n\t\t\t\t<div class=\"elementor-widget-container\">\n\t\t\t\t\t\t\t\t\t<p><strong>| CONTACT<\/strong><\/p><p><a>\u0130n\u00f6n\u00fc Mahallesi G\u00fczeller Organize San. B\u00f6lgesi, Nursultan Nazarbayev Sok. No.14, 41400 Gebze\/Kocaeli<\/a><\/p><p><strong>Phone :<\/strong> <a href=\"tel:+902167092600\"><span class=\"con-text\">+90 216 709 26 00 <\/span><\/a><\/p><p><strong>Email :<\/strong> \u00a0<a href=\"mailto:info@t-max.com.tr\"><span class=\"con-text\">info@t-max.com.tr<\/span><\/a><\/p>\t\t\t\t\t\t\t\t<\/div>\n\t\t\t\t<\/div>\n\t\t\t\t<div class=\"elementor-element elementor-element-0f816ca e-grid-align-left elementor-shape-rounded elementor-grid-0 elementor-widget elementor-widget-social-icons\" data-id=\"0f816ca\" data-element_type=\"widget\" data-e-type=\"widget\" data-widget_type=\"social-icons.default\">\n\t\t\t\t<div class=\"elementor-widget-container\">\n\t\t\t\t\t\t\t<div class=\"elementor-social-icons-wrapper elementor-grid\" role=\"list\">\n\t\t\t\t\t\t\t<span class=\"elementor-grid-item\" role=\"listitem\">\n\t\t\t\t\t<a class=\"elementor-icon elementor-social-icon elementor-social-icon-instagram elementor-repeater-item-8a2d6da\" href=\"https:\/\/www.instagram.com\/tmaxmakine\/\" target=\"_blank\">\n\t\t\t\t\t\t<span class=\"elementor-screen-only\">Instagram<\/span>\n\t\t\t\t\t\t<i aria-hidden=\"true\" class=\"fab fa-instagram\"><\/i>\t\t\t\t\t<\/a>\n\t\t\t\t<\/span>\n\t\t\t\t\t\t\t<span class=\"elementor-grid-item\" role=\"listitem\">\n\t\t\t\t\t<a class=\"elementor-icon elementor-social-icon elementor-social-icon-linkedin elementor-repeater-item-89b3b0d\" href=\"https:\/\/www.linkedin.com\/company\/78628982\/\" target=\"_blank\">\n\t\t\t\t\t\t<span class=\"elementor-screen-only\">Linkedin<\/span>\n\t\t\t\t\t\t<i aria-hidden=\"true\" class=\"fab fa-linkedin\"><\/i>\t\t\t\t\t<\/a>\n\t\t\t\t<\/span>\n\t\t\t\t\t<\/div>\n\t\t\t\t\t\t<\/div>\n\t\t\t\t<\/div>\n\t\t\t\t\t<\/div>\n\t\t<\/div>\n\t\t\t\t\t<\/div>\n\t\t<\/section>\n\t\t\t\t<section class=\"elementor-section elementor-top-section elementor-element elementor-element-29ab206 elementor-section-full_width elementor-section-stretched elementor-section-height-default elementor-section-height-default\" data-id=\"29ab206\" data-element_type=\"section\" data-e-type=\"section\" data-settings=\"{&quot;stretch_section&quot;:&quot;section-stretched&quot;}\">\n\t\t\t\t\t\t<div class=\"elementor-container elementor-column-gap-default\">\n\t\t\t\t\t<div class=\"elementor-column elementor-col-100 elementor-top-column elementor-element elementor-element-6507216\" data-id=\"6507216\" data-element_type=\"column\" data-e-type=\"column\">\n\t\t\t<div class=\"elementor-widget-wrap elementor-element-populated\">\n\t\t\t\t\t\t<div class=\"elementor-element elementor-element-2dc6c4d elementor-widget-divider--view-line elementor-widget elementor-widget-divider\" data-id=\"2dc6c4d\" data-element_type=\"widget\" data-e-type=\"widget\" data-widget_type=\"divider.default\">\n\t\t\t\t<div class=\"elementor-widget-container\">\n\t\t\t\t\t\t\t<div class=\"elementor-divider\">\n\t\t\t<span class=\"elementor-divider-separator\">\n\t\t\t\t\t\t<\/span>\n\t\t<\/div>\n\t\t\t\t\t\t<\/div>\n\t\t\t\t<\/div>\n\t\t\t\t\t<\/div>\n\t\t<\/div>\n\t\t\t\t\t<\/div>\n\t\t<\/section>\n\t\t\t\t<\/div>\n\t\t","protected":false},"excerpt":{"rendered":"<p>Low Speed Plastic Materials Blade Crushers &amp; Grinders TG 26 &#8211; 18 \/ 27 \/ 36 Series crushers operate at low speeds to evenly shred materials. They generate minimal dust during the crushing process and ensure high efficiency with multiple safety options. They are suitable for hard parts and runners. FEATURES Crushers with consistent performance, [&hellip;]<\/p>\n","protected":false},"author":1,"featured_media":0,"parent":17004,"menu_order":0,"comment_status":"closed","ping_status":"closed","template":"","meta":{"_acf_changed":false,"footnotes":""},"class_list":["post-17190","page","type-page","status-publish","hentry"],"acf":[],"aioseo_notices":[],"_links":{"self":[{"href":"https:\/\/t-max.com.tr\/en\/wp-json\/wp\/v2\/pages\/17190","targetHints":{"allow":["GET"]}}],"collection":[{"href":"https:\/\/t-max.com.tr\/en\/wp-json\/wp\/v2\/pages"}],"about":[{"href":"https:\/\/t-max.com.tr\/en\/wp-json\/wp\/v2\/types\/page"}],"author":[{"embeddable":true,"href":"https:\/\/t-max.com.tr\/en\/wp-json\/wp\/v2\/users\/1"}],"replies":[{"embeddable":true,"href":"https:\/\/t-max.com.tr\/en\/wp-json\/wp\/v2\/comments?post=17190"}],"version-history":[{"count":13,"href":"https:\/\/t-max.com.tr\/en\/wp-json\/wp\/v2\/pages\/17190\/revisions"}],"predecessor-version":[{"id":25473,"href":"https:\/\/t-max.com.tr\/en\/wp-json\/wp\/v2\/pages\/17190\/revisions\/25473"}],"up":[{"embeddable":true,"href":"https:\/\/t-max.com.tr\/en\/wp-json\/wp\/v2\/pages\/17004"}],"wp:attachment":[{"href":"https:\/\/t-max.com.tr\/en\/wp-json\/wp\/v2\/media?parent=17190"}],"curies":[{"name":"wp","href":"https:\/\/api.w.org\/{rel}","templated":true}]}}